{"id":3162,"date":"2025-09-24T13:46:55","date_gmt":"2025-09-24T11:46:55","guid":{"rendered":"https:\/\/hotelaeroe.dk\/?page_id=3162"},"modified":"2025-11-11T08:47:00","modified_gmt":"2025-11-11T07:47:00","slug":"christmas-break","status":"publish","type":"page","link":"https:\/\/hotelaeroe.dk\/en\/juleophold\/","title":{"rendered":"Christmas break"},"content":{"rendered":"\t\t<div data-elementor-type=\"wp-page\" data-elementor-id=\"3162\" class=\"elementor elementor-3162\" data-elementor-post-type=\"page\">\n\t\t\t\t\t\t<section class=\"elementor-section elementor-top-section elementor-element elementor-element-e81bb22 elementor-section-height-min-height elementor-section-items-bottom elementor-section-boxed elementor-section-height-default\" data-id=\"e81bb22\" data-element_type=\"section\" data-e-type=\"section\" data-settings=\"{&quot;background_background&quot;:&quot;slideshow&quot;,&quot;background_slideshow_gallery&quot;:[{&quot;id&quot;:1941,&quot;url&quot;:&quot;https:\\\/\\\/hotelaeroe.dk\\\/wp-content\\\/uploads\\\/2024\\\/05\\\/MAGNA_LUX__Aero_054.jpg&quot;}],&quot;background_slideshow_loop&quot;:&quot;yes&quot;,&quot;background_slideshow_slide_duration&quot;:5000,&quot;background_slideshow_slide_transition&quot;:&quot;fade&quot;,&quot;background_slideshow_transition_duration&quot;:500}\">\n\t\t\t\t\t\t\t<div class=\"elementor-background-overlay\"><\/div>\n\t\t\t\t\t\t\t<div class=\"elementor-container elementor-column-gap-default\">\n\t\t\t\t\t<div class=\"elementor-column elementor-col-100 elementor-top-column elementor-element elementor-element-2009516\" data-id=\"2009516\" data-element_type=\"column\" data-e-type=\"column\">\n\t\t\t<div class=\"elementor-widget-wrap elementor-element-populated\">\n\t\t\t\t\t\t<div class=\"elementor-element elementor-element-e28dbe3 elementor-widget elementor-widget-heading\" data-id=\"e28dbe3\" data-element_type=\"widget\" data-e-type=\"widget\" data-widget_type=\"heading.default\">\n\t\t\t\t<div class=\"elementor-widget-container\">\n\t\t\t\t\t<h1 class=\"elementor-heading-title elementor-size-default\">Juleophold<\/h1>\t\t\t\t<\/div>\n\t\t\t\t<\/div>\n\t\t\t\t<div class=\"elementor-element elementor-element-77774bf elementor-align-center elementor-widget elementor-widget-button\" data-id=\"77774bf\" data-element_type=\"widget\" data-e-type=\"widget\" data-widget_type=\"button.default\">\n\t\t\t\t<div class=\"elementor-widget-container\">\n\t\t\t\t\t\t\t\t\t<div class=\"elementor-button-wrapper\">\n\t\t\t\t\t<a class=\"elementor-button elementor-button-link elementor-size-sm\" href=\"#elementor-action%3Aaction%3Dpopup%3Aopen%26settings%3DeyJpZCI6IjMxNzEiLCJ0b2dnbGUiOmZhbHNlfQ%3D%3D\">\n\t\t\t\t\t\t<span class=\"elementor-button-content-wrapper\">\n\t\t\t\t\t\t\t\t\t<span class=\"elementor-button-text\">Foresp\u00f8rg booking<\/span>\n\t\t\t\t\t<\/span>\n\t\t\t\t\t<\/a>\n\t\t\t\t<\/div>\n\t\t\t\t\t\t\t\t<\/div>\n\t\t\t\t<\/div>\n\t\t\t\t\t<\/div>\n\t\t<\/div>\n\t\t\t\t\t<\/div>\n\t\t<\/section>\n\t\t\t\t<section class=\"elementor-section elementor-top-section elementor-element elementor-element-527ceb9 elementor-reverse-tablet elementor-reverse-mobile elementor-section-boxed elementor-section-height-default elementor-section-height-default\" data-id=\"527ceb9\" data-element_type=\"section\" data-e-type=\"section\" data-settings=\"{&quot;background_background&quot;:&quot;classic&quot;}\">\n\t\t\t\t\t\t<div class=\"elementor-container elementor-column-gap-wider\">\n\t\t\t\t\t<div class=\"elementor-column elementor-col-100 elementor-top-column elementor-element elementor-element-b163ff5\" data-id=\"b163ff5\" data-element_type=\"column\" data-e-type=\"column\">\n\t\t\t<div class=\"elementor-widget-wrap elementor-element-populated\">\n\t\t\t\t\t\t<div class=\"elementor-element elementor-element-c4191df elementor-widget elementor-widget-heading\" data-id=\"c4191df\" data-element_type=\"widget\" data-e-type=\"widget\" data-widget_type=\"heading.default\">\n\t\t\t\t<div class=\"elementor-widget-container\">\n\t\t\t\t\t<h2 class=\"elementor-heading-title elementor-size-default\">Juleophold p\u00e5 Sydfyn<\/h2>\t\t\t\t<\/div>\n\t\t\t\t<\/div>\n\t\t\t\t<div class=\"elementor-element elementor-element-ba22619 elementor-widget__width-initial elementor-widget-tablet__width-inherit elementor-widget-mobile__width-inherit elementor-widget elementor-widget-text-editor\" data-id=\"ba22619\" data-element_type=\"widget\" data-e-type=\"widget\" data-widget_type=\"text-editor.default\">\n\t\t\t\t<div class=\"elementor-widget-container\">\n\t\t\t\t\t\t\t\t\t<p class=\"p1\">Julen p\u00e5 Hotel \u00c6r\u00f8 byder p\u00e5 flere sk\u00f8nne ophold, alt efter hvorn\u00e5r du \u00f8nsker at bes\u00f8ge os.<\/p><p class=\"p1\">Fra de hyggelige juleweekender i november og december, hvor hotellet er pyntet til jul og du kan nyde en s\u00e6sonmenu med udsigt til Det Sydfynske \u00d8hav \u2013 til de stille juledage mellem den 20. og 30. december 2025, hvor du kan nyde et ubemandet ophold i fredelige omgivelser.<\/p><p class=\"p1\">Uanset hvorn\u00e5r du bes\u00f8ger os, venter der dig julestemning, komfort og sydfynsk g\u00e6stfrihed midt i Svendborgs charmerende havnemilj\u00f8.<\/p>\t\t\t\t\t\t\t\t<\/div>\n\t\t\t\t<\/div>\n\t\t\t\t\t<\/div>\n\t\t<\/div>\n\t\t\t\t\t<\/div>\n\t\t<\/section>\n\t\t\t\t<section class=\"elementor-section elementor-top-section elementor-element elementor-element-3bcc6ac elementor-reverse-tablet elementor-reverse-mobile elementor-section-boxed elementor-section-height-default elementor-section-height-default\" data-id=\"3bcc6ac\" data-element_type=\"section\" data-e-type=\"section\">\n\t\t\t\t\t\t<div class=\"elementor-container elementor-column-gap-default\">\n\t\t\t\t\t<div class=\"elementor-column elementor-col-50 elementor-top-column elementor-element elementor-element-169da3e\" data-id=\"169da3e\" data-element_type=\"column\" data-e-type=\"column\" data-settings=\"{&quot;background_background&quot;:&quot;classic&quot;}\">\n\t\t\t<div class=\"elementor-widget-wrap elementor-element-populated\">\n\t\t\t\t\t\t<div class=\"elementor-element elementor-element-abe6570 elementor-widget elementor-widget-heading\" data-id=\"abe6570\" data-element_type=\"widget\" data-e-type=\"widget\" data-widget_type=\"heading.default\">\n\t\t\t\t<div class=\"elementor-widget-container\">\n\t\t\t\t\t<h2 class=\"elementor-heading-title elementor-size-default\">Hotel \u00c6r\u00f8s Juleophold 2025 inkluderer<\/h2>\t\t\t\t<\/div>\n\t\t\t\t<\/div>\n\t\t\t\t<div class=\"elementor-element elementor-element-74ff1b9 elementor-widget elementor-widget-text-editor\" data-id=\"74ff1b9\" data-element_type=\"widget\" data-e-type=\"widget\" data-widget_type=\"text-editor.default\">\n\t\t\t\t<div class=\"elementor-widget-container\">\n\t\t\t\t\t\t\t\t\t<p>Pris pr. person: 1.095 DKK i delt dobbeltv\u00e6relse.&nbsp;<\/p>\n<p>Enkeltv\u00e6relsestill\u00e6g 600 DKK.<\/p>\t\t\t\t\t\t\t\t<\/div>\n\t\t\t\t<\/div>\n\t\t\t\t<div class=\"elementor-element elementor-element-ab5e3ae elementor-icon-list--layout-traditional elementor-list-item-link-full_width elementor-widget elementor-widget-icon-list\" data-id=\"ab5e3ae\" data-element_type=\"widget\" data-e-type=\"widget\" data-widget_type=\"icon-list.default\">\n\t\t\t\t<div class=\"elementor-widget-container\">\n\t\t\t\t\t\t\t<ul class=\"elementor-icon-list-items\">\n\t\t\t\t\t\t\t<li class=\"elementor-icon-list-item\">\n\t\t\t\t\t\t\t\t\t\t\t<span class=\"elementor-icon-list-icon\">\n\t\t\t\t\t\t\t<i aria-hidden=\"true\" class=\"fas fa-circle\"><\/i>\t\t\t\t\t\t<\/span>\n\t\t\t\t\t\t\t\t\t\t<span class=\"elementor-icon-list-text\">2 overnatninger p\u00e5 Hotel \u00c6r\u00f8, pyntet til jul<\/span>\n\t\t\t\t\t\t\t\t\t<\/li>\n\t\t\t\t\t\t\t\t<li class=\"elementor-icon-list-item\">\n\t\t\t\t\t\t\t\t\t\t\t<span class=\"elementor-icon-list-icon\">\n\t\t\t\t\t\t\t<i aria-hidden=\"true\" class=\"fas fa-circle\"><\/i>\t\t\t\t\t\t<\/span>\n\t\t\t\t\t\t\t\t\t\t<span class=\"elementor-icon-list-text\">Stor morgenbuffet begge dage<\/span>\n\t\t\t\t\t\t\t\t\t<\/li>\n\t\t\t\t\t\t\t\t<li class=\"elementor-icon-list-item\">\n\t\t\t\t\t\t\t\t\t\t\t<span class=\"elementor-icon-list-icon\">\n\t\t\t\t\t\t\t<i aria-hidden=\"true\" class=\"fas fa-circle\"><\/i>\t\t\t\t\t\t<\/span>\n\t\t\t\t\t\t\t\t\t\t<span class=\"elementor-icon-list-text\">2-retters s\u00e6sonmenu s\u00f8ndag med udsigt til Det Sydfynske \u00d8hav<\/span>\n\t\t\t\t\t\t\t\t\t<\/li>\n\t\t\t\t\t\t\t\t<li class=\"elementor-icon-list-item\">\n\t\t\t\t\t\t\t\t\t\t\t<span class=\"elementor-icon-list-icon\">\n\t\t\t\t\t\t\t<i aria-hidden=\"true\" class=\"fas fa-circle\"><\/i>\t\t\t\t\t\t<\/span>\n\t\t\t\t\t\t\t\t\t\t<span class=\"elementor-icon-list-text\">Ankomst alle l\u00f8rdage fra uge 45 til uge 50, hjemrejse mandag<\/span>\n\t\t\t\t\t\t\t\t\t<\/li>\n\t\t\t\t\t\t<\/ul>\n\t\t\t\t\t\t<\/div>\n\t\t\t\t<\/div>\n\t\t\t\t<div class=\"elementor-element elementor-element-0a5301a elementor-widget elementor-widget-text-editor\" data-id=\"0a5301a\" data-element_type=\"widget\" data-e-type=\"widget\" data-widget_type=\"text-editor.default\">\n\t\t\t\t<div class=\"elementor-widget-container\">\n\t\t\t\t\t\t\t\t\t<p>Book dit juleophold nu og gl\u00e6d dig til magiske juledage p\u00e5 Sydfyn!<\/p>\t\t\t\t\t\t\t\t<\/div>\n\t\t\t\t<\/div>\n\t\t\t\t<div class=\"elementor-element elementor-element-3ea8d8c elementor-align-left elementor-widget elementor-widget-button\" data-id=\"3ea8d8c\" data-element_type=\"widget\" data-e-type=\"widget\" data-widget_type=\"button.default\">\n\t\t\t\t<div class=\"elementor-widget-container\">\n\t\t\t\t\t\t\t\t\t<div class=\"elementor-button-wrapper\">\n\t\t\t\t\t<a class=\"elementor-button elementor-button-link elementor-size-sm\" href=\"#elementor-action%3Aaction%3Dpopup%3Aopen%26settings%3DeyJpZCI6IjMxNzEiLCJ0b2dnbGUiOmZhbHNlfQ%3D%3D\">\n\t\t\t\t\t\t<span class=\"elementor-button-content-wrapper\">\n\t\t\t\t\t\t\t\t\t<span class=\"elementor-button-text\">Foresp\u00f8rg booking<\/span>\n\t\t\t\t\t<\/span>\n\t\t\t\t\t<\/a>\n\t\t\t\t<\/div>\n\t\t\t\t\t\t\t\t<\/div>\n\t\t\t\t<\/div>\n\t\t\t\t\t<\/div>\n\t\t<\/div>\n\t\t\t\t<div class=\"elementor-column elementor-col-50 elementor-top-column elementor-element elementor-element-5d8ecef\" data-id=\"5d8ecef\" data-element_type=\"column\" data-e-type=\"column\" data-settings=\"{&quot;background_background&quot;:&quot;classic&quot;}\">\n\t\t\t<div class=\"elementor-widget-wrap elementor-element-populated\">\n\t\t\t\t\t\t<div class=\"elementor-element elementor-element-cd60688 elementor-widget elementor-widget-spacer\" data-id=\"cd60688\" data-element_type=\"widget\" data-e-type=\"widget\" data-widget_type=\"spacer.default\">\n\t\t\t\t<div class=\"elementor-widget-container\">\n\t\t\t\t\t\t\t<div class=\"elementor-spacer\">\n\t\t\t<div class=\"elementor-spacer-inner\"><\/div>\n\t\t<\/div>\n\t\t\t\t\t\t<\/div>\n\t\t\t\t<\/div>\n\t\t\t\t\t<\/div>\n\t\t<\/div>\n\t\t\t\t\t<\/div>\n\t\t<\/section>\n\t\t\t\t<section class=\"elementor-section elementor-top-section elementor-element elementor-element-7d3b980 elementor-reverse-tablet elementor-reverse-mobile elementor-section-boxed elementor-section-height-default elementor-section-height-default\" data-id=\"7d3b980\" data-element_type=\"section\" data-e-type=\"section\">\n\t\t\t\t\t\t<div class=\"elementor-container elementor-column-gap-default\">\n\t\t\t\t\t<div class=\"elementor-column elementor-col-50 elementor-top-column elementor-element elementor-element-2d5fc64\" data-id=\"2d5fc64\" data-element_type=\"column\" data-e-type=\"column\" data-settings=\"{&quot;background_background&quot;:&quot;classic&quot;}\">\n\t\t\t<div class=\"elementor-widget-wrap elementor-element-populated\">\n\t\t\t\t\t\t<div class=\"elementor-element elementor-element-199eb42 elementor-widget elementor-widget-spacer\" data-id=\"199eb42\" data-element_type=\"widget\" data-e-type=\"widget\" data-widget_type=\"spacer.default\">\n\t\t\t\t<div class=\"elementor-widget-container\">\n\t\t\t\t\t\t\t<div class=\"elementor-spacer\">\n\t\t\t<div class=\"elementor-spacer-inner\"><\/div>\n\t\t<\/div>\n\t\t\t\t\t\t<\/div>\n\t\t\t\t<\/div>\n\t\t\t\t\t<\/div>\n\t\t<\/div>\n\t\t\t\t<div class=\"elementor-column elementor-col-50 elementor-top-column elementor-element elementor-element-4e9fb1e\" data-id=\"4e9fb1e\" data-element_type=\"column\" data-e-type=\"column\" data-settings=\"{&quot;background_background&quot;:&quot;classic&quot;}\">\n\t\t\t<div class=\"elementor-widget-wrap elementor-element-populated\">\n\t\t\t\t\t\t<div class=\"elementor-element elementor-element-05f8766 elementor-widget elementor-widget-heading\" data-id=\"05f8766\" data-element_type=\"widget\" data-e-type=\"widget\" data-widget_type=\"heading.default\">\n\t\t\t\t<div class=\"elementor-widget-container\">\n\t\t\t\t\t<h2 class=\"elementor-heading-title elementor-size-default\">Overnatning mellem d. 20 - 30 dec 2025<\/h2>\t\t\t\t<\/div>\n\t\t\t\t<\/div>\n\t\t\t\t<div class=\"elementor-element elementor-element-d364df3 elementor-widget elementor-widget-text-editor\" data-id=\"d364df3\" data-element_type=\"widget\" data-e-type=\"widget\" data-widget_type=\"text-editor.default\">\n\t\t\t\t<div class=\"elementor-widget-container\">\n\t\t\t\t\t\t\t\t\t<p>Pris pr. overnatning uden morgenmad:<\/p><p>795 DKK i enkelt eller dobbeltv\u00e6relse<\/p>\t\t\t\t\t\t\t\t<\/div>\n\t\t\t\t<\/div>\n\t\t\t\t<div class=\"elementor-element elementor-element-bc53787 elementor-widget elementor-widget-text-editor\" data-id=\"bc53787\" data-element_type=\"widget\" data-e-type=\"widget\" data-widget_type=\"text-editor.default\">\n\t\t\t\t<div class=\"elementor-widget-container\">\n\t\t\t\t\t\t\t\t\t<h3>Book overnatning p\u00e5 Hotel \u00c6r\u00f8 under julen mellem den 20-30 december 2025.<\/h3>\n<p>Velkommen til Hotel \u00c6r\u00f8, hvor vi tilbyder en rolig og hyggelig overnatning under juleferien. Nyd din ferie i fred og ro i en af vores komfortable v\u00e6relser \u2013 perfekt til dig, der s\u00f8ger en uforstyrret pause fra hverdagens travlhed.<\/p>\n<p>Vores hotel vil v\u00e6re ubemandet under julen, hvor vi tilbyder en enkel og praktisk overnatning.<\/p>\n<h3>S\u00e5dan fungerer Juleophold mellem den 20-30 december 2025<\/h3>\n<p>N\u00e5r du har booket din overnatning, modtager du en bekr\u00e6ftelse med detaljer om, hvordan du nemt checker ind og ud. T\u00e6t p\u00e5 ankomstdagen vil du f\u00e5 informationer omkring hvordan du tjekker ud og ind under julen. Alle vores faciliteter og services er designet til at give dig en let og bekvem oplevelse.<\/p>\n<h3>Enkel, komfortabel og afslappende overnatning<\/h3>\n<p>Alle v\u00e6relser er udstyret med det n\u00f8dvendige for et behageligt Juleophold, og du kan nyde godt af rolige omgivelser, ideelt til en afslappende juleferie.<\/p>\n<h3>Ingen bemanding<\/h3>\n<p>Vores hotel er ubemandet under julen, men hvis du har sp\u00f8rgsm\u00e5l eller brug for assistance, kan du nemt f\u00e5 hj\u00e6lp via telefon eller e-mail.<\/p>\t\t\t\t\t\t\t\t<\/div>\n\t\t\t\t<\/div>\n\t\t\t\t<div class=\"elementor-element elementor-element-2c5c498 elementor-align-left elementor-widget elementor-widget-button\" data-id=\"2c5c498\" data-element_type=\"widget\" data-e-type=\"widget\" data-widget_type=\"button.default\">\n\t\t\t\t<div class=\"elementor-widget-container\">\n\t\t\t\t\t\t\t\t\t<div class=\"elementor-button-wrapper\">\n\t\t\t\t\t<a class=\"elementor-button elementor-button-link elementor-size-sm\" href=\"#elementor-action%3Aaction%3Dpopup%3Aopen%26settings%3DeyJpZCI6IjMxNzEiLCJ0b2dnbGUiOmZhbHNlfQ%3D%3D\">\n\t\t\t\t\t\t<span class=\"elementor-button-content-wrapper\">\n\t\t\t\t\t\t\t\t\t<span class=\"elementor-button-text\">Foresp\u00f8rg booking<\/span>\n\t\t\t\t\t<\/span>\n\t\t\t\t\t<\/a>\n\t\t\t\t<\/div>\n\t\t\t\t\t\t\t\t<\/div>\n\t\t\t\t<\/div>\n\t\t\t\t\t<\/div>\n\t\t<\/div>\n\t\t\t\t\t<\/div>\n\t\t<\/section>\n\t\t\t\t<\/div>\n\t\t","protected":false},"excerpt":{"rendered":"<p>Juleophold Foresp\u00f8rg booking Juleophold p\u00e5 Sydfyn Julen p\u00e5 Hotel \u00c6r\u00f8 byder p\u00e5 flere sk\u00f8nne ophold, alt efter hvorn\u00e5r du \u00f8nsker at bes\u00f8ge os. Fra de hyggelige juleweekender i november og december, hvor hotellet er pyntet til jul og du kan nyde en s\u00e6sonmenu med udsigt til Det Sydfynske \u00d8hav \u2013 til de stille juledage mellem [&hellip;]<\/p>\n","protected":false},"author":7,"featured_media":1941,"parent":0,"menu_order":0,"comment_status":"closed","ping_status":"closed","template":"","meta":{"footnotes":""},"class_list":["post-3162","page","type-page","status-publish","has-post-thumbnail","hentry"],"yoast_head":"<!-- This site is optimized with the Yoast SEO plugin v27.4 - https:\/\/yoast.com\/product\/yoast-seo-wordpress\/ -->\n<title>Juleophold i Svendborg | Oplev julestemningen p\u00e5 Hotel \u00c6r\u00f8<\/title>\n<meta name=\"description\" content=\"Oplev julestemningen i den sk\u00f8nne handelsby Svendborg og bes\u00f8g de hyggelige julemarkeder \u2013 bl.a. p\u00e5 Egeskov Slot og i \u00c6r\u00f8sk\u00f8bing p\u00e5 \u00c6r\u00f8.\" \/>\n<meta name=\"robots\" content=\"index, follow, max-snippet:-1, max-image-preview:large, max-video-preview:-1\" \/>\n<link rel=\"canonical\" href=\"https:\/\/hotelaeroe.dk\/en\/christmas-break\/\" \/>\n<meta property=\"og:locale\" content=\"en_GB\" \/>\n<meta property=\"og:type\" content=\"article\" \/>\n<meta property=\"og:title\" content=\"Juleophold i Svendborg | Oplev julestemningen p\u00e5 Hotel \u00c6r\u00f8\" \/>\n<meta property=\"og:description\" content=\"Oplev julestemningen i den sk\u00f8nne handelsby Svendborg og bes\u00f8g de hyggelige julemarkeder \u2013 bl.a. p\u00e5 Egeskov Slot og i \u00c6r\u00f8sk\u00f8bing p\u00e5 \u00c6r\u00f8.\" \/>\n<meta property=\"og:url\" content=\"https:\/\/hotelaeroe.dk\/en\/christmas-break\/\" \/>\n<meta property=\"og:site_name\" content=\"Hotel \u00c6r\u00f8\" \/>\n<meta property=\"article:modified_time\" content=\"2025-11-11T07:47:00+00:00\" \/>\n<meta property=\"og:image\" content=\"https:\/\/hotelaeroe.dk\/wp-content\/uploads\/2024\/05\/MAGNA_LUX__Aero_054.jpg\" \/>\n\t<meta property=\"og:image:width\" content=\"1920\" \/>\n\t<meta property=\"og:image:height\" content=\"1280\" \/>\n\t<meta property=\"og:image:type\" content=\"image\/jpeg\" \/>\n<meta name=\"twitter:card\" content=\"summary_large_image\" \/>\n<meta name=\"twitter:label1\" content=\"Est. reading time\" \/>\n\t<meta name=\"twitter:data1\" content=\"2 minutes\" \/>\n<script type=\"application\/ld+json\" class=\"yoast-schema-graph\">{\"@context\":\"https:\\\/\\\/schema.org\",\"@graph\":[{\"@type\":\"WebPage\",\"@id\":\"https:\\\/\\\/hotelaeroe.dk\\\/juleophold\\\/\",\"url\":\"https:\\\/\\\/hotelaeroe.dk\\\/juleophold\\\/\",\"name\":\"Juleophold i Svendborg | Oplev julestemningen p\u00e5 Hotel \u00c6r\u00f8\",\"isPartOf\":{\"@id\":\"https:\\\/\\\/hotelaeroe.dk\\\/#website\"},\"primaryImageOfPage\":{\"@id\":\"https:\\\/\\\/hotelaeroe.dk\\\/juleophold\\\/#primaryimage\"},\"image\":{\"@id\":\"https:\\\/\\\/hotelaeroe.dk\\\/juleophold\\\/#primaryimage\"},\"thumbnailUrl\":\"https:\\\/\\\/hotelaeroe.dk\\\/wp-content\\\/uploads\\\/2024\\\/05\\\/MAGNA_LUX__Aero_054.jpg\",\"datePublished\":\"2025-09-24T11:46:55+00:00\",\"dateModified\":\"2025-11-11T07:47:00+00:00\",\"description\":\"Oplev julestemningen i den sk\u00f8nne handelsby Svendborg og bes\u00f8g de hyggelige julemarkeder \u2013 bl.a. p\u00e5 Egeskov Slot og i \u00c6r\u00f8sk\u00f8bing p\u00e5 \u00c6r\u00f8.\",\"breadcrumb\":{\"@id\":\"https:\\\/\\\/hotelaeroe.dk\\\/juleophold\\\/#breadcrumb\"},\"inLanguage\":\"en-GB\",\"potentialAction\":[{\"@type\":\"ReadAction\",\"target\":[\"https:\\\/\\\/hotelaeroe.dk\\\/juleophold\\\/\"]}]},{\"@type\":\"ImageObject\",\"inLanguage\":\"en-GB\",\"@id\":\"https:\\\/\\\/hotelaeroe.dk\\\/juleophold\\\/#primaryimage\",\"url\":\"https:\\\/\\\/hotelaeroe.dk\\\/wp-content\\\/uploads\\\/2024\\\/05\\\/MAGNA_LUX__Aero_054.jpg\",\"contentUrl\":\"https:\\\/\\\/hotelaeroe.dk\\\/wp-content\\\/uploads\\\/2024\\\/05\\\/MAGNA_LUX__Aero_054.jpg\",\"width\":1920,\"height\":1280,\"caption\":\"Et loungeomr\u00e5de p\u00e5 Hotel \u00c6r\u00f8 med indgang til Restaurant \u00c6r\u00f8\"},{\"@type\":\"BreadcrumbList\",\"@id\":\"https:\\\/\\\/hotelaeroe.dk\\\/juleophold\\\/#breadcrumb\",\"itemListElement\":[{\"@type\":\"ListItem\",\"position\":1,\"name\":\"Hjem\",\"item\":\"https:\\\/\\\/hotelaeroe.dk\\\/\"},{\"@type\":\"ListItem\",\"position\":2,\"name\":\"Juleophold\"}]},{\"@type\":\"WebSite\",\"@id\":\"https:\\\/\\\/hotelaeroe.dk\\\/#website\",\"url\":\"https:\\\/\\\/hotelaeroe.dk\\\/\",\"name\":\"Hotel \u00c6r\u00f8\",\"description\":\"\",\"publisher\":{\"@id\":\"https:\\\/\\\/hotelaeroe.dk\\\/#organization\"},\"potentialAction\":[{\"@type\":\"SearchAction\",\"target\":{\"@type\":\"EntryPoint\",\"urlTemplate\":\"https:\\\/\\\/hotelaeroe.dk\\\/?s={search_term_string}\"},\"query-input\":{\"@type\":\"PropertyValueSpecification\",\"valueRequired\":true,\"valueName\":\"search_term_string\"}}],\"inLanguage\":\"en-GB\"},{\"@type\":\"Organization\",\"@id\":\"https:\\\/\\\/hotelaeroe.dk\\\/#organization\",\"name\":\"Hotel \u00c6r\u00f8\",\"url\":\"https:\\\/\\\/hotelaeroe.dk\\\/\",\"logo\":{\"@type\":\"ImageObject\",\"inLanguage\":\"en-GB\",\"@id\":\"https:\\\/\\\/hotelaeroe.dk\\\/#\\\/schema\\\/logo\\\/image\\\/\",\"url\":\"https:\\\/\\\/hotelaeroe.dk\\\/wp-content\\\/uploads\\\/2021\\\/01\\\/Hae_logo_hvid.svg\",\"contentUrl\":\"https:\\\/\\\/hotelaeroe.dk\\\/wp-content\\\/uploads\\\/2021\\\/01\\\/Hae_logo_hvid.svg\",\"width\":259,\"height\":47,\"caption\":\"Hotel \u00c6r\u00f8\"},\"image\":{\"@id\":\"https:\\\/\\\/hotelaeroe.dk\\\/#\\\/schema\\\/logo\\\/image\\\/\"}}]}<\/script>\n<!-- \/ Yoast SEO plugin. -->","yoast_head_json":{"title":"Christmas stay in Svendborg | Experience the Christmas spirit at Hotel \u00c6r\u00f8","description":"Experience the Christmas spirit in the beautiful trading town of Svendborg and visit the cozy Christmas markets \u2013 including at Egeskov Castle and in \u00c6r\u00f8sk\u00f8bing on \u00c6r\u00f8.","robots":{"index":"index","follow":"follow","max-snippet":"max-snippet:-1","max-image-preview":"max-image-preview:large","max-video-preview":"max-video-preview:-1"},"canonical":"https:\/\/hotelaeroe.dk\/en\/christmas-break\/","og_locale":"en_GB","og_type":"article","og_title":"Juleophold i Svendborg | Oplev julestemningen p\u00e5 Hotel \u00c6r\u00f8","og_description":"Oplev julestemningen i den sk\u00f8nne handelsby Svendborg og bes\u00f8g de hyggelige julemarkeder \u2013 bl.a. p\u00e5 Egeskov Slot og i \u00c6r\u00f8sk\u00f8bing p\u00e5 \u00c6r\u00f8.","og_url":"https:\/\/hotelaeroe.dk\/en\/christmas-break\/","og_site_name":"Hotel \u00c6r\u00f8","article_modified_time":"2025-11-11T07:47:00+00:00","og_image":[{"width":1920,"height":1280,"url":"https:\/\/hotelaeroe.dk\/wp-content\/uploads\/2024\/05\/MAGNA_LUX__Aero_054.jpg","type":"image\/jpeg"}],"twitter_card":"summary_large_image","twitter_misc":{"Est. reading time":"2 minutes"},"schema":{"@context":"https:\/\/schema.org","@graph":[{"@type":"WebPage","@id":"https:\/\/hotelaeroe.dk\/juleophold\/","url":"https:\/\/hotelaeroe.dk\/juleophold\/","name":"Christmas stay in Svendborg | Experience the Christmas spirit at Hotel \u00c6r\u00f8","isPartOf":{"@id":"https:\/\/hotelaeroe.dk\/#website"},"primaryImageOfPage":{"@id":"https:\/\/hotelaeroe.dk\/juleophold\/#primaryimage"},"image":{"@id":"https:\/\/hotelaeroe.dk\/juleophold\/#primaryimage"},"thumbnailUrl":"https:\/\/hotelaeroe.dk\/wp-content\/uploads\/2024\/05\/MAGNA_LUX__Aero_054.jpg","datePublished":"2025-09-24T11:46:55+00:00","dateModified":"2025-11-11T07:47:00+00:00","description":"Experience the Christmas spirit in the beautiful trading town of Svendborg and visit the cozy Christmas markets \u2013 including at Egeskov Castle and in \u00c6r\u00f8sk\u00f8bing on \u00c6r\u00f8.","breadcrumb":{"@id":"https:\/\/hotelaeroe.dk\/juleophold\/#breadcrumb"},"inLanguage":"en-GB","potentialAction":[{"@type":"ReadAction","target":["https:\/\/hotelaeroe.dk\/juleophold\/"]}]},{"@type":"ImageObject","inLanguage":"en-GB","@id":"https:\/\/hotelaeroe.dk\/juleophold\/#primaryimage","url":"https:\/\/hotelaeroe.dk\/wp-content\/uploads\/2024\/05\/MAGNA_LUX__Aero_054.jpg","contentUrl":"https:\/\/hotelaeroe.dk\/wp-content\/uploads\/2024\/05\/MAGNA_LUX__Aero_054.jpg","width":1920,"height":1280,"caption":"Et loungeomr\u00e5de p\u00e5 Hotel \u00c6r\u00f8 med indgang til Restaurant \u00c6r\u00f8"},{"@type":"BreadcrumbList","@id":"https:\/\/hotelaeroe.dk\/juleophold\/#breadcrumb","itemListElement":[{"@type":"ListItem","position":1,"name":"Hjem","item":"https:\/\/hotelaeroe.dk\/"},{"@type":"ListItem","position":2,"name":"Juleophold"}]},{"@type":"WebSite","@id":"https:\/\/hotelaeroe.dk\/#website","url":"https:\/\/hotelaeroe.dk\/","name":"Hotel Aero","description":"","publisher":{"@id":"https:\/\/hotelaeroe.dk\/#organization"},"potentialAction":[{"@type":"SearchAction","target":{"@type":"EntryPoint","urlTemplate":"https:\/\/hotelaeroe.dk\/?s={search_term_string}"},"query-input":{"@type":"PropertyValueSpecification","valueRequired":true,"valueName":"search_term_string"}}],"inLanguage":"en-GB"},{"@type":"Organization","@id":"https:\/\/hotelaeroe.dk\/#organization","name":"Hotel Aero","url":"https:\/\/hotelaeroe.dk\/","logo":{"@type":"ImageObject","inLanguage":"en-GB","@id":"https:\/\/hotelaeroe.dk\/#\/schema\/logo\/image\/","url":"https:\/\/hotelaeroe.dk\/wp-content\/uploads\/2021\/01\/Hae_logo_hvid.svg","contentUrl":"https:\/\/hotelaeroe.dk\/wp-content\/uploads\/2021\/01\/Hae_logo_hvid.svg","width":259,"height":47,"caption":"Hotel \u00c6r\u00f8"},"image":{"@id":"https:\/\/hotelaeroe.dk\/#\/schema\/logo\/image\/"}}]}},"_links":{"self":[{"href":"https:\/\/hotelaeroe.dk\/en\/wp-json\/wp\/v2\/pages\/3162","targetHints":{"allow":["GET"]}}],"collection":[{"href":"https:\/\/hotelaeroe.dk\/en\/wp-json\/wp\/v2\/pages"}],"about":[{"href":"https:\/\/hotelaeroe.dk\/en\/wp-json\/wp\/v2\/types\/page"}],"author":[{"embeddable":true,"href":"https:\/\/hotelaeroe.dk\/en\/wp-json\/wp\/v2\/users\/7"}],"replies":[{"embeddable":true,"href":"https:\/\/hotelaeroe.dk\/en\/wp-json\/wp\/v2\/comments?post=3162"}],"version-history":[{"count":43,"href":"https:\/\/hotelaeroe.dk\/en\/wp-json\/wp\/v2\/pages\/3162\/revisions"}],"predecessor-version":[{"id":3441,"href":"https:\/\/hotelaeroe.dk\/en\/wp-json\/wp\/v2\/pages\/3162\/revisions\/3441"}],"wp:featuredmedia":[{"embeddable":true,"href":"https:\/\/hotelaeroe.dk\/en\/wp-json\/wp\/v2\/media\/1941"}],"wp:attachment":[{"href":"https:\/\/hotelaeroe.dk\/en\/wp-json\/wp\/v2\/media?parent=3162"}],"curies":[{"name":"wp","href":"https:\/\/api.w.org\/{rel}","templated":true}]}}