{"id":2340,"date":"2024-09-19T09:49:30","date_gmt":"2024-09-19T07:49:30","guid":{"rendered":"https:\/\/hotelaeroe.dk\/?page_id=2340"},"modified":"2026-03-13T14:50:48","modified_gmt":"2026-03-13T13:50:48","slug":"new-years-eve","status":"publish","type":"page","link":"https:\/\/hotelaeroe.dk\/en\/nytaarsaften\/","title":{"rendered":"New Year&#039;s Eve"},"content":{"rendered":"\t\t<div data-elementor-type=\"wp-page\" data-elementor-id=\"2340\" class=\"elementor elementor-2340\" data-elementor-post-type=\"page\">\n\t\t\t\t\t\t<section class=\"elementor-section elementor-top-section elementor-element elementor-element-7a17143 elementor-section-height-min-height elementor-section-items-bottom elementor-section-boxed elementor-section-height-default\" data-id=\"7a17143\" data-element_type=\"section\" data-e-type=\"section\" data-settings=\"{&quot;background_background&quot;:&quot;slideshow&quot;,&quot;background_slideshow_gallery&quot;:[{&quot;id&quot;:2349,&quot;url&quot;:&quot;https:\\\/\\\/hotelaeroe.dk\\\/wp-content\\\/uploads\\\/2024\\\/09\\\/Fyrvaerkeri.jpg&quot;}],&quot;background_slideshow_loop&quot;:&quot;yes&quot;,&quot;background_slideshow_slide_duration&quot;:5000,&quot;background_slideshow_slide_transition&quot;:&quot;fade&quot;,&quot;background_slideshow_transition_duration&quot;:500}\">\n\t\t\t\t\t\t\t<div class=\"elementor-background-overlay\"><\/div>\n\t\t\t\t\t\t\t<div class=\"elementor-container elementor-column-gap-default\">\n\t\t\t\t\t<div class=\"elementor-column elementor-col-100 elementor-top-column elementor-element elementor-element-1879262\" data-id=\"1879262\" data-element_type=\"column\" data-e-type=\"column\" data-settings=\"{&quot;background_background&quot;:&quot;classic&quot;}\">\n\t\t\t<div class=\"elementor-widget-wrap elementor-element-populated\">\n\t\t\t\t\t\t<div class=\"elementor-element elementor-element-ef2fce6 elementor-widget elementor-widget-heading\" data-id=\"ef2fce6\" data-element_type=\"widget\" data-e-type=\"widget\" data-widget_type=\"heading.default\">\n\t\t\t\t<div class=\"elementor-widget-container\">\n\t\t\t\t\t<h1 class=\"elementor-heading-title elementor-size-default\">Nyt\u00e5rsaften<\/h1>\t\t\t\t<\/div>\n\t\t\t\t<\/div>\n\t\t\t\t\t<\/div>\n\t\t<\/div>\n\t\t\t\t\t<\/div>\n\t\t<\/section>\n\t\t\t\t<section class=\"elementor-section elementor-top-section elementor-element elementor-element-9ca5e00 elementor-section-boxed elementor-section-height-default elementor-section-height-default\" data-id=\"9ca5e00\" data-element_type=\"section\" data-e-type=\"section\">\n\t\t\t\t\t\t<div class=\"elementor-container elementor-column-gap-default\">\n\t\t\t\t\t<div class=\"elementor-column elementor-col-100 elementor-top-column elementor-element elementor-element-28691bb\" data-id=\"28691bb\" data-element_type=\"column\" data-e-type=\"column\">\n\t\t\t<div class=\"elementor-widget-wrap elementor-element-populated\">\n\t\t\t\t\t\t<div class=\"elementor-element elementor-element-7f39c63 elementor-widget elementor-widget-text-editor\" data-id=\"7f39c63\" data-element_type=\"widget\" data-e-type=\"widget\" data-widget_type=\"text-editor.default\">\n\t\t\t\t<div class=\"elementor-widget-container\">\n\t\t\t\t\t\t\t\t\t<h3>Nyt\u00e5rsaften 2025<\/h3><p>Hotellet har ikke \u00e5bent nyt\u00e5rsaften 2025, og tilbyder heller ikke mad ud af huset.<br \/>Vi henviser til Hotel Svendborg, som tilbyder b\u00e5de nyt\u00e5rsophold og mad ud af huset.<\/p>\t\t\t\t\t\t\t\t<\/div>\n\t\t\t\t<\/div>\n\t\t\t\t<section class=\"elementor-section elementor-inner-section elementor-element elementor-element-62f0ef3 elementor-section-boxed elementor-section-height-default elementor-section-height-default\" data-id=\"62f0ef3\" data-element_type=\"section\" data-e-type=\"section\">\n\t\t\t\t\t\t<div class=\"elementor-container elementor-column-gap-default\">\n\t\t\t\t\t<div class=\"elementor-column elementor-col-100 elementor-inner-column elementor-element elementor-element-7a30d38\" data-id=\"7a30d38\" data-element_type=\"column\" data-e-type=\"column\">\n\t\t\t<div class=\"elementor-widget-wrap elementor-element-populated\">\n\t\t\t\t\t\t<div class=\"elementor-element elementor-element-9d2d5a9 elementor-align-left elementor-widget-widescreen__width-initial elementor-widescreen-align-justify elementor-tablet-align-center elementor-mobile-align-justify elementor-widget elementor-widget-button\" data-id=\"9d2d5a9\" data-element_type=\"widget\" data-e-type=\"widget\" data-widget_type=\"button.default\">\n\t\t\t\t<div class=\"elementor-widget-container\">\n\t\t\t\t\t\t\t\t\t<div class=\"elementor-button-wrapper\">\n\t\t\t\t\t<a class=\"elementor-button elementor-button-link elementor-size-sm\" href=\"https:\/\/hotelsvendborg.dk\/restaurant-krinsen\/nytaarsaften\/\" target=\"_blank\">\n\t\t\t\t\t\t<span class=\"elementor-button-content-wrapper\">\n\t\t\t\t\t\t\t\t\t<span class=\"elementor-button-text\">Book nyt\u00e5r p\u00e5 hotel svendborg<\/span>\n\t\t\t\t\t<\/span>\n\t\t\t\t\t<\/a>\n\t\t\t\t<\/div>\n\t\t\t\t\t\t\t\t<\/div>\n\t\t\t\t<\/div>\n\t\t\t\t<div class=\"elementor-element elementor-element-c9f2c1e elementor-align-right elementor-widget-widescreen__width-initial elementor-widescreen-align-justify elementor-tablet-align-center elementor-mobile-align-justify elementor-widget elementor-widget-button\" data-id=\"c9f2c1e\" data-element_type=\"widget\" data-e-type=\"widget\" data-widget_type=\"button.default\">\n\t\t\t\t<div class=\"elementor-widget-container\">\n\t\t\t\t\t\t\t\t\t<div class=\"elementor-button-wrapper\">\n\t\t\t\t\t<a class=\"elementor-button elementor-button-link elementor-size-sm\" href=\"https:\/\/hotelsvendborg.dk\/restaurant-krinsen\/nytaarsmenu-ud-af-huset\/\" target=\"_blank\">\n\t\t\t\t\t\t<span class=\"elementor-button-content-wrapper\">\n\t\t\t\t\t\t\t\t\t<span class=\"elementor-button-text\">Nyt\u00e5rsmenu ud af huset<\/span>\n\t\t\t\t\t<\/span>\n\t\t\t\t\t<\/a>\n\t\t\t\t<\/div>\n\t\t\t\t\t\t\t\t<\/div>\n\t\t\t\t<\/div>\n\t\t\t\t\t<\/div>\n\t\t<\/div>\n\t\t\t\t\t<\/div>\n\t\t<\/section>\n\t\t\t\t\t<\/div>\n\t\t<\/div>\n\t\t\t\t\t<\/div>\n\t\t<\/section>\n\t\t\t\t<\/div>\n\t\t","protected":false},"excerpt":{"rendered":"<p>Nyt\u00e5rsaften Nyt\u00e5rsaften 2025 Hotellet har ikke \u00e5bent nyt\u00e5rsaften 2025, og tilbyder heller ikke mad ud af huset.Vi henviser til Hotel Svendborg, som tilbyder b\u00e5de nyt\u00e5rsophold og mad ud af huset. Book nyt\u00e5r p\u00e5 hotel svendborg Nyt\u00e5rsmenu ud af huset<\/p>","protected":false},"author":2,"featured_media":1947,"parent":0,"menu_order":0,"comment_status":"closed","ping_status":"closed","template":"","meta":{"footnotes":""},"class_list":["post-2340","page","type-page","status-publish","has-post-thumbnail","hentry"],"yoast_head":"<!-- This site is optimized with the Yoast SEO plugin v27.4 - https:\/\/yoast.com\/product\/yoast-seo-wordpress\/ -->\n<title>Nyt\u00e5rsaften 2025 | Hotel \u00c6r\u00f8 i Svendborg | Se nyt\u00e5rsmenu her<\/title>\n<meta name=\"description\" content=\"Fejre afslutningen p\u00e5 2025 med l\u00e6kker mad p\u00e5 Restaurant Hotel \u00c6r\u00f8. Vi serverer en 4-retters luksus menu. Book bord her.\" \/>\n<meta name=\"robots\" content=\"index, follow, max-snippet:-1, max-image-preview:large, max-video-preview:-1\" \/>\n<link rel=\"canonical\" href=\"https:\/\/hotelaeroe.dk\/en\/new-years-eve\/\" \/>\n<meta property=\"og:locale\" content=\"en_GB\" \/>\n<meta property=\"og:type\" content=\"article\" \/>\n<meta property=\"og:title\" content=\"Nyt\u00e5rsaften 2025 | Hotel \u00c6r\u00f8 i Svendborg | Se nyt\u00e5rsmenu her\" \/>\n<meta property=\"og:description\" content=\"Fejre afslutningen p\u00e5 2025 med l\u00e6kker mad p\u00e5 Restaurant Hotel \u00c6r\u00f8. Vi serverer en 4-retters luksus menu. Book bord her.\" \/>\n<meta property=\"og:url\" content=\"https:\/\/hotelaeroe.dk\/en\/new-years-eve\/\" \/>\n<meta property=\"og:site_name\" content=\"Hotel \u00c6r\u00f8\" \/>\n<meta property=\"article:modified_time\" content=\"2026-03-13T13:50:48+00:00\" \/>\n<meta property=\"og:image\" content=\"https:\/\/hotelaeroe.dk\/wp-content\/uploads\/2024\/05\/MAGNA_LUX__Aero_049.jpg\" \/>\n\t<meta property=\"og:image:width\" content=\"1920\" \/>\n\t<meta property=\"og:image:height\" content=\"1280\" \/>\n\t<meta property=\"og:image:type\" content=\"image\/jpeg\" \/>\n<meta name=\"twitter:card\" content=\"summary_large_image\" \/>\n<meta name=\"twitter:label1\" content=\"Est. reading time\" \/>\n\t<meta name=\"twitter:data1\" content=\"1 minute\" \/>\n<script type=\"application\/ld+json\" class=\"yoast-schema-graph\">{\"@context\":\"https:\\\/\\\/schema.org\",\"@graph\":[{\"@type\":\"WebPage\",\"@id\":\"https:\\\/\\\/hotelaeroe.dk\\\/nytaarsaften\\\/\",\"url\":\"https:\\\/\\\/hotelaeroe.dk\\\/nytaarsaften\\\/\",\"name\":\"Nyt\u00e5rsaften 2025 | Hotel \u00c6r\u00f8 i Svendborg | Se nyt\u00e5rsmenu her\",\"isPartOf\":{\"@id\":\"https:\\\/\\\/hotelaeroe.dk\\\/#website\"},\"primaryImageOfPage\":{\"@id\":\"https:\\\/\\\/hotelaeroe.dk\\\/nytaarsaften\\\/#primaryimage\"},\"image\":{\"@id\":\"https:\\\/\\\/hotelaeroe.dk\\\/nytaarsaften\\\/#primaryimage\"},\"thumbnailUrl\":\"https:\\\/\\\/hotelaeroe.dk\\\/wp-content\\\/uploads\\\/2024\\\/05\\\/MAGNA_LUX__Aero_049.jpg\",\"datePublished\":\"2024-09-19T07:49:30+00:00\",\"dateModified\":\"2026-03-13T13:50:48+00:00\",\"description\":\"Fejre afslutningen p\u00e5 2025 med l\u00e6kker mad p\u00e5 Restaurant Hotel \u00c6r\u00f8. Vi serverer en 4-retters luksus menu. Book bord her.\",\"breadcrumb\":{\"@id\":\"https:\\\/\\\/hotelaeroe.dk\\\/nytaarsaften\\\/#breadcrumb\"},\"inLanguage\":\"en-GB\",\"potentialAction\":[{\"@type\":\"ReadAction\",\"target\":[\"https:\\\/\\\/hotelaeroe.dk\\\/nytaarsaften\\\/\"]}]},{\"@type\":\"ImageObject\",\"inLanguage\":\"en-GB\",\"@id\":\"https:\\\/\\\/hotelaeroe.dk\\\/nytaarsaften\\\/#primaryimage\",\"url\":\"https:\\\/\\\/hotelaeroe.dk\\\/wp-content\\\/uploads\\\/2024\\\/05\\\/MAGNA_LUX__Aero_049.jpg\",\"contentUrl\":\"https:\\\/\\\/hotelaeroe.dk\\\/wp-content\\\/uploads\\\/2024\\\/05\\\/MAGNA_LUX__Aero_049.jpg\",\"width\":1920,\"height\":1280,\"caption\":\"Restaurant \u00c6r\u00f8\"},{\"@type\":\"BreadcrumbList\",\"@id\":\"https:\\\/\\\/hotelaeroe.dk\\\/nytaarsaften\\\/#breadcrumb\",\"itemListElement\":[{\"@type\":\"ListItem\",\"position\":1,\"name\":\"Hjem\",\"item\":\"https:\\\/\\\/hotelaeroe.dk\\\/\"},{\"@type\":\"ListItem\",\"position\":2,\"name\":\"Nyt\u00e5rsaften\"}]},{\"@type\":\"WebSite\",\"@id\":\"https:\\\/\\\/hotelaeroe.dk\\\/#website\",\"url\":\"https:\\\/\\\/hotelaeroe.dk\\\/\",\"name\":\"Hotel \u00c6r\u00f8\",\"description\":\"\",\"publisher\":{\"@id\":\"https:\\\/\\\/hotelaeroe.dk\\\/#organization\"},\"potentialAction\":[{\"@type\":\"SearchAction\",\"target\":{\"@type\":\"EntryPoint\",\"urlTemplate\":\"https:\\\/\\\/hotelaeroe.dk\\\/?s={search_term_string}\"},\"query-input\":{\"@type\":\"PropertyValueSpecification\",\"valueRequired\":true,\"valueName\":\"search_term_string\"}}],\"inLanguage\":\"en-GB\"},{\"@type\":\"Organization\",\"@id\":\"https:\\\/\\\/hotelaeroe.dk\\\/#organization\",\"name\":\"Hotel \u00c6r\u00f8\",\"url\":\"https:\\\/\\\/hotelaeroe.dk\\\/\",\"logo\":{\"@type\":\"ImageObject\",\"inLanguage\":\"en-GB\",\"@id\":\"https:\\\/\\\/hotelaeroe.dk\\\/#\\\/schema\\\/logo\\\/image\\\/\",\"url\":\"https:\\\/\\\/hotelaeroe.dk\\\/wp-content\\\/uploads\\\/2021\\\/01\\\/Hae_logo_hvid.svg\",\"contentUrl\":\"https:\\\/\\\/hotelaeroe.dk\\\/wp-content\\\/uploads\\\/2021\\\/01\\\/Hae_logo_hvid.svg\",\"width\":259,\"height\":47,\"caption\":\"Hotel \u00c6r\u00f8\"},\"image\":{\"@id\":\"https:\\\/\\\/hotelaeroe.dk\\\/#\\\/schema\\\/logo\\\/image\\\/\"}}]}<\/script>\n<!-- \/ Yoast SEO plugin. -->","yoast_head_json":{"title":"New Year&#039;s Eve 2025 | Hotel \u00c6r\u00f8 in Svendborg | See New Year&#039;s menu here","description":"Celebrate the end of 2025 with delicious food at Restaurant Hotel \u00c6r\u00f8. We serve a 4-course luxury menu. Book a table here.","robots":{"index":"index","follow":"follow","max-snippet":"max-snippet:-1","max-image-preview":"max-image-preview:large","max-video-preview":"max-video-preview:-1"},"canonical":"https:\/\/hotelaeroe.dk\/en\/new-years-eve\/","og_locale":"en_GB","og_type":"article","og_title":"Nyt\u00e5rsaften 2025 | Hotel \u00c6r\u00f8 i Svendborg | Se nyt\u00e5rsmenu her","og_description":"Fejre afslutningen p\u00e5 2025 med l\u00e6kker mad p\u00e5 Restaurant Hotel \u00c6r\u00f8. Vi serverer en 4-retters luksus menu. Book bord her.","og_url":"https:\/\/hotelaeroe.dk\/en\/new-years-eve\/","og_site_name":"Hotel \u00c6r\u00f8","article_modified_time":"2026-03-13T13:50:48+00:00","og_image":[{"width":1920,"height":1280,"url":"https:\/\/hotelaeroe.dk\/wp-content\/uploads\/2024\/05\/MAGNA_LUX__Aero_049.jpg","type":"image\/jpeg"}],"twitter_card":"summary_large_image","twitter_misc":{"Est. reading time":"1 minute"},"schema":{"@context":"https:\/\/schema.org","@graph":[{"@type":"WebPage","@id":"https:\/\/hotelaeroe.dk\/nytaarsaften\/","url":"https:\/\/hotelaeroe.dk\/nytaarsaften\/","name":"New Year&#039;s Eve 2025 | Hotel \u00c6r\u00f8 in Svendborg | See New Year&#039;s menu here","isPartOf":{"@id":"https:\/\/hotelaeroe.dk\/#website"},"primaryImageOfPage":{"@id":"https:\/\/hotelaeroe.dk\/nytaarsaften\/#primaryimage"},"image":{"@id":"https:\/\/hotelaeroe.dk\/nytaarsaften\/#primaryimage"},"thumbnailUrl":"https:\/\/hotelaeroe.dk\/wp-content\/uploads\/2024\/05\/MAGNA_LUX__Aero_049.jpg","datePublished":"2024-09-19T07:49:30+00:00","dateModified":"2026-03-13T13:50:48+00:00","description":"Celebrate the end of 2025 with delicious food at Restaurant Hotel \u00c6r\u00f8. We serve a 4-course luxury menu. Book a table here.","breadcrumb":{"@id":"https:\/\/hotelaeroe.dk\/nytaarsaften\/#breadcrumb"},"inLanguage":"en-GB","potentialAction":[{"@type":"ReadAction","target":["https:\/\/hotelaeroe.dk\/nytaarsaften\/"]}]},{"@type":"ImageObject","inLanguage":"en-GB","@id":"https:\/\/hotelaeroe.dk\/nytaarsaften\/#primaryimage","url":"https:\/\/hotelaeroe.dk\/wp-content\/uploads\/2024\/05\/MAGNA_LUX__Aero_049.jpg","contentUrl":"https:\/\/hotelaeroe.dk\/wp-content\/uploads\/2024\/05\/MAGNA_LUX__Aero_049.jpg","width":1920,"height":1280,"caption":"Restaurant \u00c6r\u00f8"},{"@type":"BreadcrumbList","@id":"https:\/\/hotelaeroe.dk\/nytaarsaften\/#breadcrumb","itemListElement":[{"@type":"ListItem","position":1,"name":"Hjem","item":"https:\/\/hotelaeroe.dk\/"},{"@type":"ListItem","position":2,"name":"Nyt\u00e5rsaften"}]},{"@type":"WebSite","@id":"https:\/\/hotelaeroe.dk\/#website","url":"https:\/\/hotelaeroe.dk\/","name":"Hotel Aero","description":"","publisher":{"@id":"https:\/\/hotelaeroe.dk\/#organization"},"potentialAction":[{"@type":"SearchAction","target":{"@type":"EntryPoint","urlTemplate":"https:\/\/hotelaeroe.dk\/?s={search_term_string}"},"query-input":{"@type":"PropertyValueSpecification","valueRequired":true,"valueName":"search_term_string"}}],"inLanguage":"en-GB"},{"@type":"Organization","@id":"https:\/\/hotelaeroe.dk\/#organization","name":"Hotel Aero","url":"https:\/\/hotelaeroe.dk\/","logo":{"@type":"ImageObject","inLanguage":"en-GB","@id":"https:\/\/hotelaeroe.dk\/#\/schema\/logo\/image\/","url":"https:\/\/hotelaeroe.dk\/wp-content\/uploads\/2021\/01\/Hae_logo_hvid.svg","contentUrl":"https:\/\/hotelaeroe.dk\/wp-content\/uploads\/2021\/01\/Hae_logo_hvid.svg","width":259,"height":47,"caption":"Hotel \u00c6r\u00f8"},"image":{"@id":"https:\/\/hotelaeroe.dk\/#\/schema\/logo\/image\/"}}]}},"_links":{"self":[{"href":"https:\/\/hotelaeroe.dk\/en\/wp-json\/wp\/v2\/pages\/2340","targetHints":{"allow":["GET"]}}],"collection":[{"href":"https:\/\/hotelaeroe.dk\/en\/wp-json\/wp\/v2\/pages"}],"about":[{"href":"https:\/\/hotelaeroe.dk\/en\/wp-json\/wp\/v2\/types\/page"}],"author":[{"embeddable":true,"href":"https:\/\/hotelaeroe.dk\/en\/wp-json\/wp\/v2\/users\/2"}],"replies":[{"embeddable":true,"href":"https:\/\/hotelaeroe.dk\/en\/wp-json\/wp\/v2\/comments?post=2340"}],"version-history":[{"count":75,"href":"https:\/\/hotelaeroe.dk\/en\/wp-json\/wp\/v2\/pages\/2340\/revisions"}],"predecessor-version":[{"id":3694,"href":"https:\/\/hotelaeroe.dk\/en\/wp-json\/wp\/v2\/pages\/2340\/revisions\/3694"}],"wp:featuredmedia":[{"embeddable":true,"href":"https:\/\/hotelaeroe.dk\/en\/wp-json\/wp\/v2\/media\/1947"}],"wp:attachment":[{"href":"https:\/\/hotelaeroe.dk\/en\/wp-json\/wp\/v2\/media?parent=2340"}],"curies":[{"name":"wp","href":"https:\/\/api.w.org\/{rel}","templated":true}]}}