{"id":1579,"date":"2024-05-15T08:54:02","date_gmt":"2024-05-15T06:54:02","guid":{"rendered":"https:\/\/hotelaeroe.dk.linux203.curanetserver.dk\/?page_id=1579"},"modified":"2024-05-29T10:57:52","modified_gmt":"2024-05-29T08:57:52","slug":"terms-of-trade","status":"publish","type":"page","link":"https:\/\/hotelaeroe.dk\/en\/handelsbetingelser\/","title":{"rendered":"Terms of Trade"},"content":{"rendered":"\t\t<div data-elementor-type=\"wp-page\" data-elementor-id=\"1579\" class=\"elementor elementor-1579\" data-elementor-post-type=\"page\">\n\t\t\t\t\t\t<section class=\"elementor-section elementor-top-section elementor-element elementor-element-e81bb22 elementor-section-height-min-height elementor-section-items-bottom elementor-section-boxed elementor-section-height-default\" data-id=\"e81bb22\" data-element_type=\"section\" data-e-type=\"section\" data-settings=\"{&quot;background_background&quot;:&quot;slideshow&quot;,&quot;background_slideshow_gallery&quot;:[{&quot;id&quot;:544,&quot;url&quot;:&quot;https:\\\/\\\/hotelaeroe.dk\\\/wp-content\\\/uploads\\\/2023\\\/11\\\/5_2.1.1.jpg&quot;}],&quot;background_slideshow_loop&quot;:&quot;yes&quot;,&quot;background_slideshow_slide_duration&quot;:5000,&quot;background_slideshow_slide_transition&quot;:&quot;fade&quot;,&quot;background_slideshow_transition_duration&quot;:500}\">\n\t\t\t\t\t\t\t<div class=\"elementor-background-overlay\"><\/div>\n\t\t\t\t\t\t\t<div class=\"elementor-container elementor-column-gap-default\">\n\t\t\t\t\t<div class=\"elementor-column elementor-col-100 elementor-top-column elementor-element elementor-element-2009516\" data-id=\"2009516\" data-element_type=\"column\" data-e-type=\"column\">\n\t\t\t<div class=\"elementor-widget-wrap elementor-element-populated\">\n\t\t\t\t\t\t<div class=\"elementor-element elementor-element-e28dbe3 elementor-widget elementor-widget-heading\" data-id=\"e28dbe3\" data-element_type=\"widget\" data-e-type=\"widget\" data-widget_type=\"heading.default\">\n\t\t\t\t<div class=\"elementor-widget-container\">\n\t\t\t\t\t<h1 class=\"elementor-heading-title elementor-size-default\">Handelsbetingelser<\/h1>\t\t\t\t<\/div>\n\t\t\t\t<\/div>\n\t\t\t\t\t<\/div>\n\t\t<\/div>\n\t\t\t\t\t<\/div>\n\t\t<\/section>\n\t\t\t\t<section class=\"elementor-section elementor-top-section elementor-element elementor-element-19155e2 elementor-section-boxed elementor-section-height-default elementor-section-height-default\" data-id=\"19155e2\" data-element_type=\"section\" data-e-type=\"section\">\n\t\t\t\t\t\t<div class=\"elementor-container elementor-column-gap-default\">\n\t\t\t\t\t<div class=\"elementor-column elementor-col-100 elementor-top-column elementor-element elementor-element-f4bbbb4\" data-id=\"f4bbbb4\" data-element_type=\"column\" data-e-type=\"column\">\n\t\t\t<div class=\"elementor-widget-wrap elementor-element-populated\">\n\t\t\t\t\t\t<div class=\"elementor-element elementor-element-aefd055 elementor-widget elementor-widget-text-editor\" data-id=\"aefd055\" data-element_type=\"widget\" data-e-type=\"widget\" data-widget_type=\"text-editor.default\">\n\t\t\t\t<div class=\"elementor-widget-container\">\n\t\t\t\t\t\t\t\t\t<h3>Salgsbetingelser<\/h3><p>Hotel \u00c6r\u00f8 forbeholder sig retten til at forh\u00e5ndsgodkende dit kreditkort\/debitkort inden ankomst.<\/p><p>N\u00e5r du laver en reservation via vores hjemmeside: www.hotel-aeroe.dk beder vi om en garanti med dit kreditkort eller betaling ved bookingtidspunktet s\u00e5fremt du har valgt denne betalingsform. Fornavn og efternavn skal stemmeoverens med g\u00e6stens ID-kort og kreditkort, som skal forevises p\u00e5 forlangende ved check in. Man kan se annullering- og betalingsbetingelser p\u00e5 det aktuelle tilbud ved bestilling. Det fremg\u00e5r ogs\u00e5 i bekr\u00e6ftelsen, som sendes p\u00e5 mail efter en booking er foretaget.<\/p><p>Betaling sker i DKK:<\/p><p>Alle priser er total priser inkl. moms.<\/p><p>\u00a0<\/p><h3>Betingelser for \u00e6ndring og annullering af en reservation:<\/h3><p>Reservationer foretaget p\u00e5 hotellets egen hjemmeside kan \u00e6ndres eller annulleres. Ved \u00e6ndring eller annullering tages der forbehold for eventuelle pris\u00e6ndringer. Reservationen kan ikke flyttes til et andet hotel. Ved annullering modtager man en bekr\u00e6ftelse p\u00e5 annullering til den oplyste mailadresse. Denne bekr\u00e6ftelse er en garanti for, at v\u00e6relset er annulleret. Ved hotelophold\/overnatning som er booket via en tredjepart eller via online rejsebureauer, skal den p\u00e5g\u00e6ldende part kontaktes direkte.<\/p><p>\u00a0<\/p><h3>Reservationer uden mulighed for afbestilling:<\/h3><p>Har man foretaget en ikke refund\u00e9rbar booking skal reservationen forudbetales og kan ikke refunderes. \u00c6ndring kan kun ske ved at kontakte hotellet direkte enten p\u00e5 mail: <a href=\"mailto:post@hotel-aeroe.dk\">post@hotel-aeroe.dk<\/a> eller tlf: <a href=\"tel:+4562210760\">+456221 0760<\/a>. Ved \u00e6ndring p\u00e5l\u00e6gges et gebyr p\u00e5 300 kr. pr. reservation pr. gang datoen \u00e6ndres. Vi g\u00f8r desuden opm\u00e6rksom p\u00e5 at \u00e6ndring i dato, antal n\u00e6tter, antal personer og lign. Kan f\u00f8re til en \u00e6ndring i prisen pr. nat. Der tages forbehold for udsolgte dage og\/eller v\u00e6relseskategorier ved \u00e6ndring af opholdets dato eller l\u00e6ngde. Eventuel prisreducering i opholdet ved en \u00e6ndring refunderes ikke. Reservationer kan maks. \u00c6ndres til 12 m\u00e5neder frem fra den oprindeligt bookede dato.<\/p><p>\u00a0<\/p><h3>Reservationer med mulighed for afbestilling:<\/h3><p>Alle reservationer som inkluderer overnatning med eller uden morgenmad kan \u00e6ndres og\/eller annulleres uden ekstra gebyrer eller omkostninger frem til kl. 12:00 p\u00e5 ankomstdagen. \u00c6ndring eller annullering efter kl. 12:00 p\u00e5 ankomstdagen vil medf\u00f8re at f\u00f8rste overnatning af opholdet vil blive opkr\u00e6vet. Reservationer bookes som et ophold med pension (eks. weekendophold eller golfophold kan annulleres inden kl. 12.00 dagen f\u00f8r ankomstdagen).<\/p><p>\u00c6ndringer af reservationer foretaget p\u00e5 hotellets egen hjemmeside skal ske ved at kontakte hotellet direkte enten p\u00e5 mail:\u00a0<a href=\"mailto:post@hotel-aeroe.dk\">post@hotel-aeroe.dk<\/a>\u00a0eller\u00a0tlf: <a href=\"tel:+4562210760\">+456221 0760<\/a>.<\/p><p>Vi g\u00f8r opm\u00e6rksom p\u00e5 at \u00e6ndringer i dato, antal n\u00e6tter, antal personer eller lign. Kan f\u00f8re til \u00e6ndring i prisen pr. nat. Der tages forbehold for udsolgte dage og\/eller v\u00e6relseskategorier ved \u00e6ndring af reservation.<\/p><p>Ved manglende fremm\u00f8de vil det oplyste kreditkortnummer blive debiteret i henhold til annulleringsbetingelserne for den p\u00e5g\u00e6ldende reservation.<\/p><p>\u00a0<\/p><h3>Check in og check ud<\/h3><p>V\u00e6relset er til r\u00e5dighed fra kl. 15:00 p\u00e5 ankomstdagen og frem til kl. 11:00 p\u00e5 afrejsedagen. S\u00e5fremt afrejsetidpunktet ikke overholdes forbeholder hotellet sig retten til at debitere dig for v\u00e6relsesprisen for en ekstra nat i henhold til g\u00e6ldende listepriser.<\/p><p>Foretages check in ikke p\u00e5 ankomstdatoen, frafalder din ret til at benytte v\u00e6relset p\u00e5 de resterende n\u00e6tter du har booket. \u00d8nsker du at benytte dig af reservationen efter den oprindelige ankomstdato, er det dit eget ansvar at kontakte hotellet senest p\u00e5 datoen for oprindeligt planlagt check in. Dette skal foreg\u00e5 skriftligt via mail og g\u00e6lder alle reservationstyper.<\/p><p>\u00a0<\/p><h3>Grupper<\/h3><p>Priserne p\u00e5 hjemmesiden er g\u00e6lder til individuelle reservationer op til maks 9 v\u00e6relser i alt. S\u00e5fremt der reserveres 10 eller flere v\u00e6relser til samme periode vil hotellet betragte det som en gruppe, hvilket vil medf\u00f8re en \u00e6ndring af priser og generelle betingelser herunder bl.a. annullerings og betalingsbetingelser. Hotellet vil fremsende en gruppekontrakt til underskrift for at reservationerne bekr\u00e6ftes.<\/p><h3>\u00a0<\/h3><h3>G\u00e6ster under 18 \u00e5r<\/h3><p>G\u00e6ster under 18 \u00e5r skal altid v\u00e6re ledsaget af en myndig person ved ophold p\u00e5 hotellet.<\/p><p>\u00a0<\/p><h3>Kortgebyr<\/h3><p>V\u00e6r opm\u00e6rksom p\u00e5 at der i forbindelse med betaling med visse kreditkort kan forekomme opkr\u00e6vning af kreditkortgebyrer.<\/p><p>\u00a0<\/p><h3>Klagemuligheder<\/h3><p>Kontakt altid hotellets reception som vil hj\u00e6lpe med at afklare eventuelle misforst\u00e5elser p\u00e5 <a href=\"mailto:post@hotel-aeroe.dk\">post@hotel-aeroe.dk<\/a> eller p\u00e5 tlf: <a href=\"tel:+4562210760\">+456221 0760<\/a>.<\/p>\t\t\t\t\t\t\t\t<\/div>\n\t\t\t\t<\/div>\n\t\t\t\t\t<\/div>\n\t\t<\/div>\n\t\t\t\t\t<\/div>\n\t\t<\/section>\n\t\t\t\t<\/div>\n\t\t","protected":false},"excerpt":{"rendered":"<p>Handelsbetingelser Salgsbetingelser Hotel \u00c6r\u00f8 forbeholder sig retten til at forh\u00e5ndsgodkende dit kreditkort\/debitkort inden ankomst. N\u00e5r du laver en reservation via vores hjemmeside: www.hotel-aeroe.dk beder vi om en garanti med dit kreditkort eller betaling ved bookingtidspunktet s\u00e5fremt du har valgt denne betalingsform. Fornavn og efternavn skal stemmeoverens med g\u00e6stens ID-kort og kreditkort, som skal forevises p\u00e5 [&hellip;]<\/p>\n","protected":false},"author":2,"featured_media":1832,"parent":0,"menu_order":0,"comment_status":"closed","ping_status":"closed","template":"","meta":{"footnotes":""},"class_list":["post-1579","page","type-page","status-publish","has-post-thumbnail","hentry"],"yoast_head":"<!-- This site is optimized with the Yoast SEO plugin v27.4 - https:\/\/yoast.com\/product\/yoast-seo-wordpress\/ -->\n<title>Handelsbetingelser | Hotel \u00c6r\u00f8 | L\u00e6s mere her<\/title>\n<meta name=\"description\" content=\"L\u00e6s mere om salgsbetingelser, \u00e6ndring og annullering af reservation, afbestilling, check-in og check-ud og grupper her.\" \/>\n<meta name=\"robots\" content=\"index, follow, max-snippet:-1, max-image-preview:large, max-video-preview:-1\" \/>\n<link rel=\"canonical\" href=\"https:\/\/hotelaeroe.dk\/en\/terms-of-trade\/\" \/>\n<meta property=\"og:locale\" content=\"en_GB\" \/>\n<meta property=\"og:type\" content=\"article\" \/>\n<meta property=\"og:title\" content=\"Handelsbetingelser | Hotel \u00c6r\u00f8 | L\u00e6s mere her\" \/>\n<meta property=\"og:description\" content=\"L\u00e6s mere om salgsbetingelser, \u00e6ndring og annullering af reservation, afbestilling, check-in og check-ud og grupper her.\" \/>\n<meta property=\"og:url\" content=\"https:\/\/hotelaeroe.dk\/en\/terms-of-trade\/\" \/>\n<meta property=\"og:site_name\" content=\"Hotel \u00c6r\u00f8\" \/>\n<meta property=\"article:modified_time\" content=\"2024-05-29T08:57:52+00:00\" \/>\n<meta property=\"og:image\" content=\"https:\/\/hotelaeroe.dk\/wp-content\/uploads\/2024\/05\/MAGNA_LUX__Aero_129-1.jpg\" \/>\n\t<meta property=\"og:image:width\" content=\"1500\" \/>\n\t<meta property=\"og:image:height\" content=\"1000\" \/>\n\t<meta property=\"og:image:type\" content=\"image\/jpeg\" \/>\n<meta name=\"twitter:card\" content=\"summary_large_image\" \/>\n<meta name=\"twitter:label1\" content=\"Est. reading time\" \/>\n\t<meta name=\"twitter:data1\" content=\"4 minutes\" \/>\n<script type=\"application\/ld+json\" class=\"yoast-schema-graph\">{\"@context\":\"https:\\\/\\\/schema.org\",\"@graph\":[{\"@type\":\"WebPage\",\"@id\":\"https:\\\/\\\/hotelaeroe.dk\\\/handelsbetingelser\\\/\",\"url\":\"https:\\\/\\\/hotelaeroe.dk\\\/handelsbetingelser\\\/\",\"name\":\"Handelsbetingelser | Hotel \u00c6r\u00f8 | L\u00e6s mere her\",\"isPartOf\":{\"@id\":\"https:\\\/\\\/hotelaeroe.dk\\\/#website\"},\"primaryImageOfPage\":{\"@id\":\"https:\\\/\\\/hotelaeroe.dk\\\/handelsbetingelser\\\/#primaryimage\"},\"image\":{\"@id\":\"https:\\\/\\\/hotelaeroe.dk\\\/handelsbetingelser\\\/#primaryimage\"},\"thumbnailUrl\":\"https:\\\/\\\/hotelaeroe.dk\\\/wp-content\\\/uploads\\\/2024\\\/05\\\/MAGNA_LUX__Aero_129-1.jpg\",\"datePublished\":\"2024-05-15T06:54:02+00:00\",\"dateModified\":\"2024-05-29T08:57:52+00:00\",\"description\":\"L\u00e6s mere om salgsbetingelser, \u00e6ndring og annullering af reservation, afbestilling, check-in og check-ud og grupper her.\",\"breadcrumb\":{\"@id\":\"https:\\\/\\\/hotelaeroe.dk\\\/handelsbetingelser\\\/#breadcrumb\"},\"inLanguage\":\"en-GB\",\"potentialAction\":[{\"@type\":\"ReadAction\",\"target\":[\"https:\\\/\\\/hotelaeroe.dk\\\/handelsbetingelser\\\/\"]}]},{\"@type\":\"ImageObject\",\"inLanguage\":\"en-GB\",\"@id\":\"https:\\\/\\\/hotelaeroe.dk\\\/handelsbetingelser\\\/#primaryimage\",\"url\":\"https:\\\/\\\/hotelaeroe.dk\\\/wp-content\\\/uploads\\\/2024\\\/05\\\/MAGNA_LUX__Aero_129-1.jpg\",\"contentUrl\":\"https:\\\/\\\/hotelaeroe.dk\\\/wp-content\\\/uploads\\\/2024\\\/05\\\/MAGNA_LUX__Aero_129-1.jpg\",\"width\":1500,\"height\":1000,\"caption\":\"udkig til Svendborg havn fra vindue\"},{\"@type\":\"BreadcrumbList\",\"@id\":\"https:\\\/\\\/hotelaeroe.dk\\\/handelsbetingelser\\\/#breadcrumb\",\"itemListElement\":[{\"@type\":\"ListItem\",\"position\":1,\"name\":\"Hjem\",\"item\":\"https:\\\/\\\/hotelaeroe.dk\\\/\"},{\"@type\":\"ListItem\",\"position\":2,\"name\":\"Handelsbetingelser\"}]},{\"@type\":\"WebSite\",\"@id\":\"https:\\\/\\\/hotelaeroe.dk\\\/#website\",\"url\":\"https:\\\/\\\/hotelaeroe.dk\\\/\",\"name\":\"Hotel \u00c6r\u00f8\",\"description\":\"\",\"publisher\":{\"@id\":\"https:\\\/\\\/hotelaeroe.dk\\\/#organization\"},\"potentialAction\":[{\"@type\":\"SearchAction\",\"target\":{\"@type\":\"EntryPoint\",\"urlTemplate\":\"https:\\\/\\\/hotelaeroe.dk\\\/?s={search_term_string}\"},\"query-input\":{\"@type\":\"PropertyValueSpecification\",\"valueRequired\":true,\"valueName\":\"search_term_string\"}}],\"inLanguage\":\"en-GB\"},{\"@type\":\"Organization\",\"@id\":\"https:\\\/\\\/hotelaeroe.dk\\\/#organization\",\"name\":\"Hotel \u00c6r\u00f8\",\"url\":\"https:\\\/\\\/hotelaeroe.dk\\\/\",\"logo\":{\"@type\":\"ImageObject\",\"inLanguage\":\"en-GB\",\"@id\":\"https:\\\/\\\/hotelaeroe.dk\\\/#\\\/schema\\\/logo\\\/image\\\/\",\"url\":\"https:\\\/\\\/hotelaeroe.dk\\\/wp-content\\\/uploads\\\/2021\\\/01\\\/Hae_logo_hvid.svg\",\"contentUrl\":\"https:\\\/\\\/hotelaeroe.dk\\\/wp-content\\\/uploads\\\/2021\\\/01\\\/Hae_logo_hvid.svg\",\"width\":259,\"height\":47,\"caption\":\"Hotel \u00c6r\u00f8\"},\"image\":{\"@id\":\"https:\\\/\\\/hotelaeroe.dk\\\/#\\\/schema\\\/logo\\\/image\\\/\"}}]}<\/script>\n<!-- \/ Yoast SEO plugin. -->","yoast_head_json":{"title":"Terms and conditions | Hotel \u00c6r\u00f8 | Read more here","description":"Read more about terms of sale, change and cancellation of reservation, cancellation, check-in and check-out and groups here.","robots":{"index":"index","follow":"follow","max-snippet":"max-snippet:-1","max-image-preview":"max-image-preview:large","max-video-preview":"max-video-preview:-1"},"canonical":"https:\/\/hotelaeroe.dk\/en\/terms-of-trade\/","og_locale":"en_GB","og_type":"article","og_title":"Handelsbetingelser | Hotel \u00c6r\u00f8 | L\u00e6s mere her","og_description":"L\u00e6s mere om salgsbetingelser, \u00e6ndring og annullering af reservation, afbestilling, check-in og check-ud og grupper her.","og_url":"https:\/\/hotelaeroe.dk\/en\/terms-of-trade\/","og_site_name":"Hotel \u00c6r\u00f8","article_modified_time":"2024-05-29T08:57:52+00:00","og_image":[{"width":1500,"height":1000,"url":"https:\/\/hotelaeroe.dk\/wp-content\/uploads\/2024\/05\/MAGNA_LUX__Aero_129-1.jpg","type":"image\/jpeg"}],"twitter_card":"summary_large_image","twitter_misc":{"Est. reading time":"4 minutes"},"schema":{"@context":"https:\/\/schema.org","@graph":[{"@type":"WebPage","@id":"https:\/\/hotelaeroe.dk\/handelsbetingelser\/","url":"https:\/\/hotelaeroe.dk\/handelsbetingelser\/","name":"Terms and conditions | Hotel \u00c6r\u00f8 | Read more here","isPartOf":{"@id":"https:\/\/hotelaeroe.dk\/#website"},"primaryImageOfPage":{"@id":"https:\/\/hotelaeroe.dk\/handelsbetingelser\/#primaryimage"},"image":{"@id":"https:\/\/hotelaeroe.dk\/handelsbetingelser\/#primaryimage"},"thumbnailUrl":"https:\/\/hotelaeroe.dk\/wp-content\/uploads\/2024\/05\/MAGNA_LUX__Aero_129-1.jpg","datePublished":"2024-05-15T06:54:02+00:00","dateModified":"2024-05-29T08:57:52+00:00","description":"Read more about terms of sale, change and cancellation of reservation, cancellation, check-in and check-out and groups here.","breadcrumb":{"@id":"https:\/\/hotelaeroe.dk\/handelsbetingelser\/#breadcrumb"},"inLanguage":"en-GB","potentialAction":[{"@type":"ReadAction","target":["https:\/\/hotelaeroe.dk\/handelsbetingelser\/"]}]},{"@type":"ImageObject","inLanguage":"en-GB","@id":"https:\/\/hotelaeroe.dk\/handelsbetingelser\/#primaryimage","url":"https:\/\/hotelaeroe.dk\/wp-content\/uploads\/2024\/05\/MAGNA_LUX__Aero_129-1.jpg","contentUrl":"https:\/\/hotelaeroe.dk\/wp-content\/uploads\/2024\/05\/MAGNA_LUX__Aero_129-1.jpg","width":1500,"height":1000,"caption":"udkig til Svendborg havn fra vindue"},{"@type":"BreadcrumbList","@id":"https:\/\/hotelaeroe.dk\/handelsbetingelser\/#breadcrumb","itemListElement":[{"@type":"ListItem","position":1,"name":"Hjem","item":"https:\/\/hotelaeroe.dk\/"},{"@type":"ListItem","position":2,"name":"Handelsbetingelser"}]},{"@type":"WebSite","@id":"https:\/\/hotelaeroe.dk\/#website","url":"https:\/\/hotelaeroe.dk\/","name":"Hotel Aero","description":"","publisher":{"@id":"https:\/\/hotelaeroe.dk\/#organization"},"potentialAction":[{"@type":"SearchAction","target":{"@type":"EntryPoint","urlTemplate":"https:\/\/hotelaeroe.dk\/?s={search_term_string}"},"query-input":{"@type":"PropertyValueSpecification","valueRequired":true,"valueName":"search_term_string"}}],"inLanguage":"en-GB"},{"@type":"Organization","@id":"https:\/\/hotelaeroe.dk\/#organization","name":"Hotel Aero","url":"https:\/\/hotelaeroe.dk\/","logo":{"@type":"ImageObject","inLanguage":"en-GB","@id":"https:\/\/hotelaeroe.dk\/#\/schema\/logo\/image\/","url":"https:\/\/hotelaeroe.dk\/wp-content\/uploads\/2021\/01\/Hae_logo_hvid.svg","contentUrl":"https:\/\/hotelaeroe.dk\/wp-content\/uploads\/2021\/01\/Hae_logo_hvid.svg","width":259,"height":47,"caption":"Hotel \u00c6r\u00f8"},"image":{"@id":"https:\/\/hotelaeroe.dk\/#\/schema\/logo\/image\/"}}]}},"_links":{"self":[{"href":"https:\/\/hotelaeroe.dk\/en\/wp-json\/wp\/v2\/pages\/1579","targetHints":{"allow":["GET"]}}],"collection":[{"href":"https:\/\/hotelaeroe.dk\/en\/wp-json\/wp\/v2\/pages"}],"about":[{"href":"https:\/\/hotelaeroe.dk\/en\/wp-json\/wp\/v2\/types\/page"}],"author":[{"embeddable":true,"href":"https:\/\/hotelaeroe.dk\/en\/wp-json\/wp\/v2\/users\/2"}],"replies":[{"embeddable":true,"href":"https:\/\/hotelaeroe.dk\/en\/wp-json\/wp\/v2\/comments?post=1579"}],"version-history":[{"count":4,"href":"https:\/\/hotelaeroe.dk\/en\/wp-json\/wp\/v2\/pages\/1579\/revisions"}],"predecessor-version":[{"id":1584,"href":"https:\/\/hotelaeroe.dk\/en\/wp-json\/wp\/v2\/pages\/1579\/revisions\/1584"}],"wp:featuredmedia":[{"embeddable":true,"href":"https:\/\/hotelaeroe.dk\/en\/wp-json\/wp\/v2\/media\/1832"}],"wp:attachment":[{"href":"https:\/\/hotelaeroe.dk\/en\/wp-json\/wp\/v2\/media?parent=1579"}],"curies":[{"name":"wp","href":"https:\/\/api.w.org\/{rel}","templated":true}]}}