{"id":3730,"date":"2026-03-27T10:48:10","date_gmt":"2026-03-27T09:48:10","guid":{"rendered":"https:\/\/hotelaeroe.dk\/?page_id=3730"},"modified":"2026-03-27T14:19:21","modified_gmt":"2026-03-27T13:19:21","slug":"unterkunfte-im-sudlichen-funen-archipel","status":"publish","type":"page","link":"https:\/\/hotelaeroe.dk\/de\/overnatning-sydfynske-oehav\/","title":{"rendered":"Unterk\u00fcnfte im Archipel S\u00fcdf\u00fcnen"},"content":{"rendered":"\t\t<div data-elementor-type=\"wp-page\" data-elementor-id=\"3730\" class=\"elementor elementor-3730\" data-elementor-post-type=\"page\">\n\t\t\t\t\t\t<section class=\"elementor-section elementor-top-section elementor-element elementor-element-e81bb22 elementor-section-height-min-height elementor-section-items-bottom elementor-section-boxed elementor-section-height-default\" data-id=\"e81bb22\" data-element_type=\"section\" data-e-type=\"section\" data-settings=\"{&quot;background_background&quot;:&quot;slideshow&quot;,&quot;background_slideshow_gallery&quot;:[{&quot;id&quot;:1948,&quot;url&quot;:&quot;https:\\\/\\\/hotelaeroe.dk\\\/wp-content\\\/uploads\\\/2024\\\/05\\\/MAGNA_LUX__Aero_053-1.jpg&quot;}],&quot;background_slideshow_loop&quot;:&quot;yes&quot;,&quot;background_slideshow_slide_duration&quot;:5000,&quot;background_slideshow_slide_transition&quot;:&quot;fade&quot;,&quot;background_slideshow_transition_duration&quot;:500}\">\n\t\t\t\t\t\t\t<div class=\"elementor-background-overlay\"><\/div>\n\t\t\t\t\t\t\t<div class=\"elementor-container elementor-column-gap-default\">\n\t\t\t\t\t<div class=\"elementor-column elementor-col-100 elementor-top-column elementor-element elementor-element-2009516\" data-id=\"2009516\" data-element_type=\"column\" data-e-type=\"column\">\n\t\t\t<div class=\"elementor-widget-wrap elementor-element-populated\">\n\t\t\t\t\t\t<div class=\"elementor-element elementor-element-e28dbe3 elementor-widget elementor-widget-heading\" data-id=\"e28dbe3\" data-element_type=\"widget\" data-e-type=\"widget\" data-widget_type=\"heading.default\">\n\t\t\t\t<div class=\"elementor-widget-container\">\n\t\t\t\t\t<h1 class=\"elementor-heading-title elementor-size-default\">overnatning sydfynske \u00f8hav<\/h1>\t\t\t\t<\/div>\n\t\t\t\t<\/div>\n\t\t\t\t<div class=\"elementor-element elementor-element-77774bf elementor-align-center elementor-widget elementor-widget-button\" data-id=\"77774bf\" data-element_type=\"widget\" data-e-type=\"widget\" data-widget_type=\"button.default\">\n\t\t\t\t<div class=\"elementor-widget-container\">\n\t\t\t\t\t\t\t\t\t<div class=\"elementor-button-wrapper\">\n\t\t\t\t\t<a class=\"elementor-button elementor-button-link elementor-size-sm\" href=\"#elementor-action%3Aaction%3Dpopup%3Aopen%26settings%3DeyJpZCI6IjM3MzkiLCJ0b2dnbGUiOmZhbHNlfQ%3D%3D\">\n\t\t\t\t\t\t<span class=\"elementor-button-content-wrapper\">\n\t\t\t\t\t\t\t\t\t<span class=\"elementor-button-text\">Foresp\u00f8rg booking<\/span>\n\t\t\t\t\t<\/span>\n\t\t\t\t\t<\/a>\n\t\t\t\t<\/div>\n\t\t\t\t\t\t\t\t<\/div>\n\t\t\t\t<\/div>\n\t\t\t\t\t<\/div>\n\t\t<\/div>\n\t\t\t\t\t<\/div>\n\t\t<\/section>\n\t\t\t\t<section class=\"elementor-section elementor-top-section elementor-element elementor-element-527ceb9 elementor-reverse-tablet elementor-reverse-mobile elementor-section-boxed elementor-section-height-default elementor-section-height-default\" data-id=\"527ceb9\" data-element_type=\"section\" data-e-type=\"section\" data-settings=\"{&quot;background_background&quot;:&quot;classic&quot;}\">\n\t\t\t\t\t\t<div class=\"elementor-container elementor-column-gap-wider\">\n\t\t\t\t\t<div class=\"elementor-column elementor-col-100 elementor-top-column elementor-element elementor-element-b163ff5\" data-id=\"b163ff5\" data-element_type=\"column\" data-e-type=\"column\">\n\t\t\t<div class=\"elementor-widget-wrap elementor-element-populated\">\n\t\t\t\t\t\t<div class=\"elementor-element elementor-element-c4191df elementor-widget elementor-widget-heading\" data-id=\"c4191df\" data-element_type=\"widget\" data-e-type=\"widget\" data-widget_type=\"heading.default\">\n\t\t\t\t<div class=\"elementor-widget-container\">\n\t\t\t\t\t<h2 class=\"elementor-heading-title elementor-size-default\">\ud83c\udf0a Oplev de Sydfynske \u00f8er - med base i hjertet af Svendborg\n<\/h2>\t\t\t\t<\/div>\n\t\t\t\t<\/div>\n\t\t\t\t<div class=\"elementor-element elementor-element-ba22619 elementor-widget__width-initial elementor-widget-tablet__width-inherit elementor-widget-mobile__width-inherit elementor-widget elementor-widget-text-editor\" data-id=\"ba22619\" data-element_type=\"widget\" data-e-type=\"widget\" data-widget_type=\"text-editor.default\">\n\t\t\t\t<div class=\"elementor-widget-container\">\n\t\t\t\t\t\t\t\t\t<p class=\"p1\">Vil I opleve livet p\u00e5 \u00f8erne, hvor smuk natur, frisk havluft og hyggelige oplevelser er i centrum? S\u00e5 er dette ophold det oplagte valg.<\/p><p class=\"p1\">Bo centralt i Svendborg &#8211; i g\u00e5afstand til havnen, hvor f\u00e6rgerne nemt tager jer ud i det Sydfynske \u00d8hav <img decoding=\"async\" class=\"emoji\" role=\"img\" draggable=\"false\" src=\"https:\/\/s.w.org\/images\/core\/emoji\/17.0.2\/svg\/1f6a2.svg\" alt=\"\ud83d\udea2\" \/><\/p><p class=\"p1\">Hotel \u00c6r\u00f8 ligger direkte ved havnen. Begge hoteller ligger centralt, s\u00e5 I ogs\u00e5 kan nyde byens hyggelige stemning med gode spisesteder, museer og sm\u00e5 specialbutikker.<\/p>\t\t\t\t\t\t\t\t<\/div>\n\t\t\t\t<\/div>\n\t\t\t\t\t<\/div>\n\t\t<\/div>\n\t\t\t\t\t<\/div>\n\t\t<\/section>\n\t\t\t\t<section class=\"elementor-section elementor-top-section elementor-element elementor-element-d1d1277 elementor-reverse-tablet elementor-reverse-mobile elementor-section-boxed elementor-section-height-default elementor-section-height-default\" data-id=\"d1d1277\" data-element_type=\"section\" data-e-type=\"section\">\n\t\t\t\t\t\t<div class=\"elementor-container elementor-column-gap-default\">\n\t\t\t\t\t<div class=\"elementor-column elementor-col-50 elementor-top-column elementor-element elementor-element-462a23f\" data-id=\"462a23f\" data-element_type=\"column\" data-e-type=\"column\" data-settings=\"{&quot;background_background&quot;:&quot;classic&quot;}\">\n\t\t\t<div class=\"elementor-widget-wrap elementor-element-populated\">\n\t\t\t\t\t\t<div class=\"elementor-element elementor-element-b461208 elementor-widget elementor-widget-heading\" data-id=\"b461208\" data-element_type=\"widget\" data-e-type=\"widget\" data-widget_type=\"heading.default\">\n\t\t\t\t<div class=\"elementor-widget-container\">\n\t\t\t\t\t<h2 class=\"elementor-heading-title elementor-size-default\">Hotel \u00c6r\u00f8s \nsydfynske \u00f8hav 2026 inkluderer<\/h2>\t\t\t\t<\/div>\n\t\t\t\t<\/div>\n\t\t\t\t<div class=\"elementor-element elementor-element-7296710 elementor-icon-list--layout-traditional elementor-list-item-link-full_width elementor-widget elementor-widget-icon-list\" data-id=\"7296710\" data-element_type=\"widget\" data-e-type=\"widget\" data-widget_type=\"icon-list.default\">\n\t\t\t\t<div class=\"elementor-widget-container\">\n\t\t\t\t\t\t\t<ul class=\"elementor-icon-list-items\">\n\t\t\t\t\t\t\t<li class=\"elementor-icon-list-item\">\n\t\t\t\t\t\t\t\t\t\t\t<span class=\"elementor-icon-list-icon\">\n\t\t\t\t\t\t\t<i aria-hidden=\"true\" class=\"fas fa-circle\"><\/i>\t\t\t\t\t\t<\/span>\n\t\t\t\t\t\t\t\t\t\t<span class=\"elementor-icon-list-text\">2 Overnatninger inkl. morgenmad<\/span>\n\t\t\t\t\t\t\t\t\t<\/li>\n\t\t\t\t\t\t\t\t<li class=\"elementor-icon-list-item\">\n\t\t\t\t\t\t\t\t\t\t\t<span class=\"elementor-icon-list-icon\">\n\t\t\t\t\t\t\t<i aria-hidden=\"true\" class=\"fas fa-circle\"><\/i>\t\t\t\t\t\t<\/span>\n\t\t\t\t\t\t\t\t\t\t<span class=\"elementor-icon-list-text\"> F\u00e6rgebillet tur\/retur til Drej\u00f8 eller \u00c6r\u00f8 - bookes af hotellet<\/span>\n\t\t\t\t\t\t\t\t\t<\/li>\n\t\t\t\t\t\t\t\t<li class=\"elementor-icon-list-item\">\n\t\t\t\t\t\t\t\t\t\t\t<span class=\"elementor-icon-list-icon\">\n\t\t\t\t\t\t\t<i aria-hidden=\"true\" class=\"fas fa-circle\"><\/i>\t\t\t\t\t\t<\/span>\n\t\t\t\t\t\t\t\t\t\t<span class=\"elementor-icon-list-text\"> 2-retters middag i hotellets restaurant<\/span>\n\t\t\t\t\t\t\t\t\t<\/li>\n\t\t\t\t\t\t<\/ul>\n\t\t\t\t\t\t<\/div>\n\t\t\t\t<\/div>\n\t\t\t\t<div class=\"elementor-element elementor-element-b13bd28 elementor-widget elementor-widget-text-editor\" data-id=\"b13bd28\" data-element_type=\"widget\" data-e-type=\"widget\" data-widget_type=\"text-editor.default\">\n\t\t\t\t<div class=\"elementor-widget-container\">\n\t\t\t\t\t\t\t\t\t<p>Pris pr. person: 1.365 DKK pr. person<\/p>\n<p>Til\u00e6g for enkeltv\u00e6relse: 300 DKK<\/p>\t\t\t\t\t\t\t\t<\/div>\n\t\t\t\t<\/div>\n\t\t\t\t<div class=\"elementor-element elementor-element-71d54c6 elementor-widget elementor-widget-text-editor\" data-id=\"71d54c6\" data-element_type=\"widget\" data-e-type=\"widget\" data-widget_type=\"text-editor.default\">\n\t\t\t\t<div class=\"elementor-widget-container\">\n\t\t\t\t\t\t\t\t\t<p>Og vil I opleve endnu mere, ligger b\u00e5de Langeland og T\u00e5singe kun en kort tur v\u00e6k.<\/p><p>\ud83d\udc9a Perfekt til jer, der \u00f8nsker at kombinere byliv med det rolige tempo p\u00e5 vandet og de omkringliggende \u00f8er<\/p>\t\t\t\t\t\t\t\t<\/div>\n\t\t\t\t<\/div>\n\t\t\t\t<div class=\"elementor-element elementor-element-0a5301a elementor-widget elementor-widget-text-editor\" data-id=\"0a5301a\" data-element_type=\"widget\" data-e-type=\"widget\" data-widget_type=\"text-editor.default\">\n\t\t\t\t<div class=\"elementor-widget-container\">\n\t\t\t\t\t\t\t\t\t<p>Tag p\u00e5 udflugt til:<br \/>\ud83c\udf3f Drej\u00f8 eller Skar\u00f8 &#8211; sn\u00f8r vandreskoene og oplev ro, natur og autentisk \u00f8liv<br \/>\ud83c\udf38 \u00c6r\u00f8sk\u00f8bing p\u00e5 \u00c6r\u00f8 &#8211; og udforsk resten af \u00f8en med gratis bus<\/p>\t\t\t\t\t\t\t\t<\/div>\n\t\t\t\t<\/div>\n\t\t\t\t<div class=\"elementor-element elementor-element-4874717 elementor-align-left elementor-widget elementor-widget-button\" data-id=\"4874717\" data-element_type=\"widget\" data-e-type=\"widget\" data-widget_type=\"button.default\">\n\t\t\t\t<div class=\"elementor-widget-container\">\n\t\t\t\t\t\t\t\t\t<div class=\"elementor-button-wrapper\">\n\t\t\t\t\t<a class=\"elementor-button elementor-button-link elementor-size-sm\" href=\"#elementor-action%3Aaction%3Dpopup%3Aopen%26settings%3DeyJpZCI6IjM3MzkiLCJ0b2dnbGUiOmZhbHNlfQ%3D%3D\">\n\t\t\t\t\t\t<span class=\"elementor-button-content-wrapper\">\n\t\t\t\t\t\t\t\t\t<span class=\"elementor-button-text\">Foresp\u00f8rg booking<\/span>\n\t\t\t\t\t<\/span>\n\t\t\t\t\t<\/a>\n\t\t\t\t<\/div>\n\t\t\t\t\t\t\t\t<\/div>\n\t\t\t\t<\/div>\n\t\t\t\t\t<\/div>\n\t\t<\/div>\n\t\t\t\t<div class=\"elementor-column elementor-col-50 elementor-top-column elementor-element elementor-element-f9985fb\" data-id=\"f9985fb\" data-element_type=\"column\" data-e-type=\"column\" data-settings=\"{&quot;background_background&quot;:&quot;classic&quot;}\">\n\t\t\t<div class=\"elementor-widget-wrap elementor-element-populated\">\n\t\t\t\t\t\t<div class=\"elementor-element elementor-element-075632a elementor-widget elementor-widget-spacer\" data-id=\"075632a\" data-element_type=\"widget\" data-e-type=\"widget\" data-widget_type=\"spacer.default\">\n\t\t\t\t<div class=\"elementor-widget-container\">\n\t\t\t\t\t\t\t<div class=\"elementor-spacer\">\n\t\t\t<div class=\"elementor-spacer-inner\"><\/div>\n\t\t<\/div>\n\t\t\t\t\t\t<\/div>\n\t\t\t\t<\/div>\n\t\t\t\t\t<\/div>\n\t\t<\/div>\n\t\t\t\t\t<\/div>\n\t\t<\/section>\n\t\t\t\t<\/div>\n\t\t","protected":false},"excerpt":{"rendered":"<p>overnatning sydfynske \u00f8hav Foresp\u00f8rg booking \ud83c\udf0a Oplev de Sydfynske \u00f8er &#8211; med base i hjertet af Svendborg Vil I opleve livet p\u00e5 \u00f8erne, hvor smuk natur, frisk havluft og hyggelige oplevelser er i centrum? S\u00e5 er dette ophold det oplagte valg. Bo centralt i Svendborg &#8211; i g\u00e5afstand til havnen, hvor f\u00e6rgerne nemt tager jer [&hellip;]<\/p>\n","protected":false},"author":5,"featured_media":1676,"parent":0,"menu_order":0,"comment_status":"closed","ping_status":"closed","template":"","meta":{"footnotes":""},"class_list":["post-3730","page","type-page","status-publish","has-post-thumbnail","hentry"],"yoast_head":"<!-- This site is optimized with the Yoast SEO plugin v27.4 - https:\/\/yoast.com\/product\/yoast-seo-wordpress\/ -->\n<title>Overnatning p\u00e5 sydfynske \u00f8hav | Sydfyn | Hotel \u00c6r\u00f8<\/title>\n<meta name=\"robots\" content=\"index, follow, max-snippet:-1, max-image-preview:large, max-video-preview:-1\" \/>\n<link rel=\"canonical\" href=\"https:\/\/hotelaeroe.dk\/de\/unterkunfte-im-sudlichen-funen-archipel\/\" \/>\n<meta property=\"og:locale\" content=\"de_DE\" \/>\n<meta property=\"og:type\" content=\"article\" \/>\n<meta property=\"og:title\" content=\"Overnatning p\u00e5 sydfynske \u00f8hav | Sydfyn | Hotel \u00c6r\u00f8\" \/>\n<meta property=\"og:description\" content=\"overnatning sydfynske \u00f8hav Foresp\u00f8rg booking \ud83c\udf0a Oplev de Sydfynske \u00f8er &#8211; med base i hjertet af Svendborg Vil I opleve livet p\u00e5 \u00f8erne, hvor smuk natur, frisk havluft og hyggelige oplevelser er i centrum? S\u00e5 er dette ophold det oplagte valg. Bo centralt i Svendborg &#8211; i g\u00e5afstand til havnen, hvor f\u00e6rgerne nemt tager jer [&hellip;]\" \/>\n<meta property=\"og:url\" content=\"https:\/\/hotelaeroe.dk\/de\/unterkunfte-im-sudlichen-funen-archipel\/\" \/>\n<meta property=\"og:site_name\" content=\"Hotel \u00c6r\u00f8\" \/>\n<meta property=\"article:modified_time\" content=\"2026-03-27T13:19:21+00:00\" \/>\n<meta property=\"og:image\" content=\"https:\/\/hotelaeroe.dk\/wp-content\/uploads\/2024\/05\/MAGNA_LUX__Aero_005.jpg\" \/>\n\t<meta property=\"og:image:width\" content=\"1920\" \/>\n\t<meta property=\"og:image:height\" content=\"1440\" \/>\n\t<meta property=\"og:image:type\" content=\"image\/jpeg\" \/>\n<meta name=\"twitter:card\" content=\"summary_large_image\" \/>\n<meta name=\"twitter:label1\" content=\"Gesch\u00e4tzte Lesezeit\" \/>\n\t<meta name=\"twitter:data1\" content=\"2\u00a0Minuten\" \/>\n<script type=\"application\/ld+json\" class=\"yoast-schema-graph\">{\"@context\":\"https:\\\/\\\/schema.org\",\"@graph\":[{\"@type\":\"WebPage\",\"@id\":\"https:\\\/\\\/hotelaeroe.dk\\\/overnatning-sydfynske-oehav\\\/\",\"url\":\"https:\\\/\\\/hotelaeroe.dk\\\/overnatning-sydfynske-oehav\\\/\",\"name\":\"Overnatning p\u00e5 sydfynske \u00f8hav | Sydfyn | Hotel \u00c6r\u00f8\",\"isPartOf\":{\"@id\":\"https:\\\/\\\/hotelaeroe.dk\\\/#website\"},\"primaryImageOfPage\":{\"@id\":\"https:\\\/\\\/hotelaeroe.dk\\\/overnatning-sydfynske-oehav\\\/#primaryimage\"},\"image\":{\"@id\":\"https:\\\/\\\/hotelaeroe.dk\\\/overnatning-sydfynske-oehav\\\/#primaryimage\"},\"thumbnailUrl\":\"https:\\\/\\\/hotelaeroe.dk\\\/wp-content\\\/uploads\\\/2024\\\/05\\\/MAGNA_LUX__Aero_005.jpg\",\"datePublished\":\"2026-03-27T09:48:10+00:00\",\"dateModified\":\"2026-03-27T13:19:21+00:00\",\"breadcrumb\":{\"@id\":\"https:\\\/\\\/hotelaeroe.dk\\\/overnatning-sydfynske-oehav\\\/#breadcrumb\"},\"inLanguage\":\"de\",\"potentialAction\":[{\"@type\":\"ReadAction\",\"target\":[\"https:\\\/\\\/hotelaeroe.dk\\\/overnatning-sydfynske-oehav\\\/\"]}]},{\"@type\":\"ImageObject\",\"inLanguage\":\"de\",\"@id\":\"https:\\\/\\\/hotelaeroe.dk\\\/overnatning-sydfynske-oehav\\\/#primaryimage\",\"url\":\"https:\\\/\\\/hotelaeroe.dk\\\/wp-content\\\/uploads\\\/2024\\\/05\\\/MAGNA_LUX__Aero_005.jpg\",\"contentUrl\":\"https:\\\/\\\/hotelaeroe.dk\\\/wp-content\\\/uploads\\\/2024\\\/05\\\/MAGNA_LUX__Aero_005.jpg\",\"width\":1920,\"height\":1440,\"caption\":\"drone billede over Svendborg havn\"},{\"@type\":\"BreadcrumbList\",\"@id\":\"https:\\\/\\\/hotelaeroe.dk\\\/overnatning-sydfynske-oehav\\\/#breadcrumb\",\"itemListElement\":[{\"@type\":\"ListItem\",\"position\":1,\"name\":\"Hjem\",\"item\":\"https:\\\/\\\/hotelaeroe.dk\\\/\"},{\"@type\":\"ListItem\",\"position\":2,\"name\":\"Overnatning sydfynske \u00f8hav\"}]},{\"@type\":\"WebSite\",\"@id\":\"https:\\\/\\\/hotelaeroe.dk\\\/#website\",\"url\":\"https:\\\/\\\/hotelaeroe.dk\\\/\",\"name\":\"Hotel \u00c6r\u00f8\",\"description\":\"\",\"publisher\":{\"@id\":\"https:\\\/\\\/hotelaeroe.dk\\\/#organization\"},\"potentialAction\":[{\"@type\":\"SearchAction\",\"target\":{\"@type\":\"EntryPoint\",\"urlTemplate\":\"https:\\\/\\\/hotelaeroe.dk\\\/?s={search_term_string}\"},\"query-input\":{\"@type\":\"PropertyValueSpecification\",\"valueRequired\":true,\"valueName\":\"search_term_string\"}}],\"inLanguage\":\"de\"},{\"@type\":\"Organization\",\"@id\":\"https:\\\/\\\/hotelaeroe.dk\\\/#organization\",\"name\":\"Hotel \u00c6r\u00f8\",\"url\":\"https:\\\/\\\/hotelaeroe.dk\\\/\",\"logo\":{\"@type\":\"ImageObject\",\"inLanguage\":\"de\",\"@id\":\"https:\\\/\\\/hotelaeroe.dk\\\/#\\\/schema\\\/logo\\\/image\\\/\",\"url\":\"https:\\\/\\\/hotelaeroe.dk\\\/wp-content\\\/uploads\\\/2021\\\/01\\\/Hae_logo_hvid.svg\",\"contentUrl\":\"https:\\\/\\\/hotelaeroe.dk\\\/wp-content\\\/uploads\\\/2021\\\/01\\\/Hae_logo_hvid.svg\",\"width\":259,\"height\":47,\"caption\":\"Hotel \u00c6r\u00f8\"},\"image\":{\"@id\":\"https:\\\/\\\/hotelaeroe.dk\\\/#\\\/schema\\\/logo\\\/image\\\/\"}}]}<\/script>\n<!-- \/ Yoast SEO plugin. -->","yoast_head_json":{"title":"Unterk\u00fcnfte im Sch\u00e4renmeer S\u00fcdf\u00fcnens | S\u00fcdf\u00fcnen | Hotel \u00c6r\u00f8","robots":{"index":"index","follow":"follow","max-snippet":"max-snippet:-1","max-image-preview":"max-image-preview:large","max-video-preview":"max-video-preview:-1"},"canonical":"https:\/\/hotelaeroe.dk\/de\/unterkunfte-im-sudlichen-funen-archipel\/","og_locale":"de_DE","og_type":"article","og_title":"Overnatning p\u00e5 sydfynske \u00f8hav | Sydfyn | Hotel \u00c6r\u00f8","og_description":"overnatning sydfynske \u00f8hav Foresp\u00f8rg booking \ud83c\udf0a Oplev de Sydfynske \u00f8er &#8211; med base i hjertet af Svendborg Vil I opleve livet p\u00e5 \u00f8erne, hvor smuk natur, frisk havluft og hyggelige oplevelser er i centrum? S\u00e5 er dette ophold det oplagte valg. Bo centralt i Svendborg &#8211; i g\u00e5afstand til havnen, hvor f\u00e6rgerne nemt tager jer [&hellip;]","og_url":"https:\/\/hotelaeroe.dk\/de\/unterkunfte-im-sudlichen-funen-archipel\/","og_site_name":"Hotel \u00c6r\u00f8","article_modified_time":"2026-03-27T13:19:21+00:00","og_image":[{"width":1920,"height":1440,"url":"https:\/\/hotelaeroe.dk\/wp-content\/uploads\/2024\/05\/MAGNA_LUX__Aero_005.jpg","type":"image\/jpeg"}],"twitter_card":"summary_large_image","twitter_misc":{"Gesch\u00e4tzte Lesezeit":"2\u00a0Minuten"},"schema":{"@context":"https:\/\/schema.org","@graph":[{"@type":"WebPage","@id":"https:\/\/hotelaeroe.dk\/overnatning-sydfynske-oehav\/","url":"https:\/\/hotelaeroe.dk\/overnatning-sydfynske-oehav\/","name":"Unterk\u00fcnfte im Sch\u00e4renmeer S\u00fcdf\u00fcnens | S\u00fcdf\u00fcnen | Hotel \u00c6r\u00f8","isPartOf":{"@id":"https:\/\/hotelaeroe.dk\/#website"},"primaryImageOfPage":{"@id":"https:\/\/hotelaeroe.dk\/overnatning-sydfynske-oehav\/#primaryimage"},"image":{"@id":"https:\/\/hotelaeroe.dk\/overnatning-sydfynske-oehav\/#primaryimage"},"thumbnailUrl":"https:\/\/hotelaeroe.dk\/wp-content\/uploads\/2024\/05\/MAGNA_LUX__Aero_005.jpg","datePublished":"2026-03-27T09:48:10+00:00","dateModified":"2026-03-27T13:19:21+00:00","breadcrumb":{"@id":"https:\/\/hotelaeroe.dk\/overnatning-sydfynske-oehav\/#breadcrumb"},"inLanguage":"de","potentialAction":[{"@type":"ReadAction","target":["https:\/\/hotelaeroe.dk\/overnatning-sydfynske-oehav\/"]}]},{"@type":"ImageObject","inLanguage":"de","@id":"https:\/\/hotelaeroe.dk\/overnatning-sydfynske-oehav\/#primaryimage","url":"https:\/\/hotelaeroe.dk\/wp-content\/uploads\/2024\/05\/MAGNA_LUX__Aero_005.jpg","contentUrl":"https:\/\/hotelaeroe.dk\/wp-content\/uploads\/2024\/05\/MAGNA_LUX__Aero_005.jpg","width":1920,"height":1440,"caption":"drone billede over Svendborg havn"},{"@type":"BreadcrumbList","@id":"https:\/\/hotelaeroe.dk\/overnatning-sydfynske-oehav\/#breadcrumb","itemListElement":[{"@type":"ListItem","position":1,"name":"Hjem","item":"https:\/\/hotelaeroe.dk\/"},{"@type":"ListItem","position":2,"name":"Overnatning sydfynske \u00f8hav"}]},{"@type":"WebSite","@id":"https:\/\/hotelaeroe.dk\/#website","url":"https:\/\/hotelaeroe.dk\/","name":"Hotel Aero","description":"","publisher":{"@id":"https:\/\/hotelaeroe.dk\/#organization"},"potentialAction":[{"@type":"SearchAction","target":{"@type":"EntryPoint","urlTemplate":"https:\/\/hotelaeroe.dk\/?s={search_term_string}"},"query-input":{"@type":"PropertyValueSpecification","valueRequired":true,"valueName":"search_term_string"}}],"inLanguage":"de"},{"@type":"Organization","@id":"https:\/\/hotelaeroe.dk\/#organization","name":"Hotel Aero","url":"https:\/\/hotelaeroe.dk\/","logo":{"@type":"ImageObject","inLanguage":"de","@id":"https:\/\/hotelaeroe.dk\/#\/schema\/logo\/image\/","url":"https:\/\/hotelaeroe.dk\/wp-content\/uploads\/2021\/01\/Hae_logo_hvid.svg","contentUrl":"https:\/\/hotelaeroe.dk\/wp-content\/uploads\/2021\/01\/Hae_logo_hvid.svg","width":259,"height":47,"caption":"Hotel \u00c6r\u00f8"},"image":{"@id":"https:\/\/hotelaeroe.dk\/#\/schema\/logo\/image\/"}}]}},"_links":{"self":[{"href":"https:\/\/hotelaeroe.dk\/de\/wp-json\/wp\/v2\/pages\/3730","targetHints":{"allow":["GET"]}}],"collection":[{"href":"https:\/\/hotelaeroe.dk\/de\/wp-json\/wp\/v2\/pages"}],"about":[{"href":"https:\/\/hotelaeroe.dk\/de\/wp-json\/wp\/v2\/types\/page"}],"author":[{"embeddable":true,"href":"https:\/\/hotelaeroe.dk\/de\/wp-json\/wp\/v2\/users\/5"}],"replies":[{"embeddable":true,"href":"https:\/\/hotelaeroe.dk\/de\/wp-json\/wp\/v2\/comments?post=3730"}],"version-history":[{"count":22,"href":"https:\/\/hotelaeroe.dk\/de\/wp-json\/wp\/v2\/pages\/3730\/revisions"}],"predecessor-version":[{"id":3758,"href":"https:\/\/hotelaeroe.dk\/de\/wp-json\/wp\/v2\/pages\/3730\/revisions\/3758"}],"wp:featuredmedia":[{"embeddable":true,"href":"https:\/\/hotelaeroe.dk\/de\/wp-json\/wp\/v2\/media\/1676"}],"wp:attachment":[{"href":"https:\/\/hotelaeroe.dk\/de\/wp-json\/wp\/v2\/media?parent=3730"}],"curies":[{"name":"wp","href":"https:\/\/api.w.org\/{rel}","templated":true}]}}