{"id":3621,"date":"2026-03-10T08:40:03","date_gmt":"2026-03-10T07:40:03","guid":{"rendered":"https:\/\/hotelaeroe.dk\/?page_id=3621"},"modified":"2026-03-13T08:11:08","modified_gmt":"2026-03-13T07:11:08","slug":"muttertag","status":"publish","type":"page","link":"https:\/\/hotelaeroe.dk\/de\/mors-dag\/","title":{"rendered":"Muttertag"},"content":{"rendered":"\t\t<div data-elementor-type=\"wp-page\" data-elementor-id=\"3621\" class=\"elementor elementor-3621\" data-elementor-post-type=\"page\">\n\t\t\t\t\t\t<section class=\"elementor-section elementor-top-section elementor-element elementor-element-7a17143 elementor-section-height-min-height elementor-section-items-bottom elementor-section-boxed elementor-section-height-default\" data-id=\"7a17143\" data-element_type=\"section\" data-e-type=\"section\" data-settings=\"{&quot;background_background&quot;:&quot;slideshow&quot;,&quot;background_slideshow_gallery&quot;:[{&quot;id&quot;:1956,&quot;url&quot;:&quot;https:\\\/\\\/hotelaeroe.dk\\\/wp-content\\\/uploads\\\/2024\\\/05\\\/MAGNA_LUX__Aero_013.jpg&quot;}],&quot;background_slideshow_loop&quot;:&quot;yes&quot;,&quot;background_slideshow_slide_duration&quot;:5000,&quot;background_slideshow_slide_transition&quot;:&quot;fade&quot;,&quot;background_slideshow_transition_duration&quot;:500}\">\n\t\t\t\t\t\t\t<div class=\"elementor-background-overlay\"><\/div>\n\t\t\t\t\t\t\t<div class=\"elementor-container elementor-column-gap-default\">\n\t\t\t\t\t<div class=\"elementor-column elementor-col-100 elementor-top-column elementor-element elementor-element-1879262\" data-id=\"1879262\" data-element_type=\"column\" data-e-type=\"column\">\n\t\t\t<div class=\"elementor-widget-wrap elementor-element-populated\">\n\t\t\t\t\t\t<div class=\"elementor-element elementor-element-ef2fce6 elementor-widget elementor-widget-heading\" data-id=\"ef2fce6\" data-element_type=\"widget\" data-e-type=\"widget\" data-widget_type=\"heading.default\">\n\t\t\t\t<div class=\"elementor-widget-container\">\n\t\t\t\t\t<h1 class=\"elementor-heading-title elementor-size-default\">Hotel \u00c6r\u00f8 har \u00e5ben p\u00e5 Mor`s dag, <br>s\u00f8ndag d. 10. maj 2026\n\n<\/h1>\t\t\t\t<\/div>\n\t\t\t\t<\/div>\n\t\t\t\t<div class=\"elementor-element elementor-element-d5b6b53 elementor-align-center elementor-widget elementor-widget-button\" data-id=\"d5b6b53\" data-element_type=\"widget\" data-e-type=\"widget\" data-widget_type=\"button.default\">\n\t\t\t\t<div class=\"elementor-widget-container\">\n\t\t\t\t\t\t\t\t\t<div class=\"elementor-button-wrapper\">\n\t\t\t\t\t<a class=\"elementor-button elementor-button-link elementor-size-sm\" href=\"https:\/\/bordibyen.dk\/widget\/?res_id=1320\" target=\"_blank\">\n\t\t\t\t\t\t<span class=\"elementor-button-content-wrapper\">\n\t\t\t\t\t\t\t\t\t<span class=\"elementor-button-text\">Book bord<\/span>\n\t\t\t\t\t<\/span>\n\t\t\t\t\t<\/a>\n\t\t\t\t<\/div>\n\t\t\t\t\t\t\t\t<\/div>\n\t\t\t\t<\/div>\n\t\t\t\t\t<\/div>\n\t\t<\/div>\n\t\t\t\t\t<\/div>\n\t\t<\/section>\n\t\t\t\t<section class=\"elementor-section elementor-top-section elementor-element elementor-element-a5ac9d9 elementor-reverse-tablet elementor-reverse-mobile elementor-section-boxed elementor-section-height-default elementor-section-height-default\" data-id=\"a5ac9d9\" data-element_type=\"section\" data-e-type=\"section\" id=\"frokost\">\n\t\t\t\t\t\t<div class=\"elementor-container elementor-column-gap-default\">\n\t\t\t\t\t<div class=\"elementor-column elementor-col-50 elementor-top-column elementor-element elementor-element-ef7247f\" data-id=\"ef7247f\" data-element_type=\"column\" data-e-type=\"column\" data-settings=\"{&quot;background_background&quot;:&quot;classic&quot;}\">\n\t\t\t<div class=\"elementor-widget-wrap elementor-element-populated\">\n\t\t\t\t\t\t<div class=\"elementor-element elementor-element-20be3ad elementor-widget elementor-widget-heading\" data-id=\"20be3ad\" data-element_type=\"widget\" data-e-type=\"widget\" data-widget_type=\"heading.default\">\n\t\t\t\t<div class=\"elementor-widget-container\">\n\t\t\t\t\t<h2 class=\"elementor-heading-title elementor-size-default\">Mors dag p\u00e5 Hotel \u00c6r\u00f8<\/h2>\t\t\t\t<\/div>\n\t\t\t\t<\/div>\n\t\t\t\t<div class=\"elementor-element elementor-element-89152a7 elementor-widget elementor-widget-price-list\" data-id=\"89152a7\" data-element_type=\"widget\" data-e-type=\"widget\" data-widget_type=\"price-list.default\">\n\t\t\t\t<div class=\"elementor-widget-container\">\n\t\t\t\t\t\n\t\t<ul class=\"elementor-price-list\">\n\n\t\t\t\t\t\t\t\t\t<li class=\"elementor-price-list-item\">\t\t\t\t\n\t\t\t\t<div class=\"elementor-price-list-text\">\n\t\t\t\t\t\t\t\t\t<div class=\"elementor-price-list-header\">\n\t\t\t\t\t\t\t\t\t\t\t<span class=\"elementor-price-list-title\">\n\t\t\t\t\t\t\tFrokostbuffet\t\t\t\t\t\t<\/span>\n\t\t\t\t\t\t\t\t\t\t\t\t\t\t\t\t\t\t\t\t\t\t\t\t<span class=\"elementor-price-list-price\">Pris pr. person 295,- <\/span>\n\t\t\t\t\t\t\t\t\t\t<\/div>\n\t\t\t\t\t\t\t\t\t\t\t\t\t\t\t<p class=\"elementor-price-list-description\">\n\t\t\t\t\t\t\tStor l\u00e6kker frokostbuffet fra kl. 11.30 til kl. 15.00<br>\nFisk, lune tarteletter, varme retter, friske salater, ost og s\u00f8dt.\t\t\t\t\t\t<\/p>\n\t\t\t\t\t\t\t\t<\/div>\n\t\t\t\t<\/li>\t\t\t\t\t\n\t\t<\/ul>\n\n\t\t\t\t\t\t<\/div>\n\t\t\t\t<\/div>\n\t\t\t\t<div class=\"elementor-element elementor-element-2ef5064 elementor-widget-divider--view-line elementor-widget elementor-widget-divider\" data-id=\"2ef5064\" data-element_type=\"widget\" data-e-type=\"widget\" data-widget_type=\"divider.default\">\n\t\t\t\t<div class=\"elementor-widget-container\">\n\t\t\t\t\t\t\t<div class=\"elementor-divider\">\n\t\t\t<span class=\"elementor-divider-separator\">\n\t\t\t\t\t\t<\/span>\n\t\t<\/div>\n\t\t\t\t\t\t<\/div>\n\t\t\t\t<\/div>\n\t\t\t\t<div class=\"elementor-element elementor-element-00f56f2 elementor-widget elementor-widget-price-list\" data-id=\"00f56f2\" data-element_type=\"widget\" data-e-type=\"widget\" data-widget_type=\"price-list.default\">\n\t\t\t\t<div class=\"elementor-widget-container\">\n\t\t\t\t\t\n\t\t<ul class=\"elementor-price-list\">\n\n\t\t\t\t\t\t\t\t\t<li class=\"elementor-price-list-item\">\t\t\t\t\n\t\t\t\t<div class=\"elementor-price-list-text\">\n\t\t\t\t\t\t\t\t\t<div class=\"elementor-price-list-header\">\n\t\t\t\t\t\t\t\t\t\t\t<span class=\"elementor-price-list-title\">\n\t\t\t\t\t\t\tAftenmenu med 2 retter\t\t\t\t\t\t<\/span>\n\t\t\t\t\t\t\t\t\t\t\t\t\t\t\t\t\t\t\t\t\t\t\t\t<span class=\"elementor-price-list-price\">2 retter pris pr. kuvert 295,-<\/span>\n\t\t\t\t\t\t\t\t\t\t<\/div>\n\t\t\t\t\t\t\t\t\t\t\t\t\t\t\t<p class=\"elementor-price-list-description\">\n\t\t\t\t\t\t\t2 retters menu fra kl. 17.00 til kl. 20.30\n\n\n\n\t\t\t\t\t\t<\/p>\n\t\t\t\t\t\t\t\t<\/div>\n\t\t\t\t<\/li>\t\t\t\t\t\t\t\t\t\t\t\t<li class=\"elementor-price-list-item\">\t\t\t\t\n\t\t\t\t<div class=\"elementor-price-list-text\">\n\t\t\t\t\t\t\t\t\t<div class=\"elementor-price-list-header\">\n\t\t\t\t\t\t\t\t\t\t\t<span class=\"elementor-price-list-title\">\n\t\t\t\t\t\t\tForret\t\t\t\t\t\t<\/span>\n\t\t\t\t\t\t\t\t\t\t\t\t\t\t\t\t\t\t\t\t\t<\/div>\n\t\t\t\t\t\t\t\t\t\t\t\t\t\t\t<p class=\"elementor-price-list-description\">\n\t\t\t\t\t\t\tKlassisk rejecocktail, med spr\u00f8d salat, asparges, rejer og Hotel \u00c6r\u00f8s cocktaildressings\nserveres med br\u00f8d og sm\u00f8r.\n\n\n\t\t\t\t\t\t<\/p>\n\t\t\t\t\t\t\t\t<\/div>\n\t\t\t\t<\/li>\t\t\t\t\t\t\t\t\t\t\t\t<li class=\"elementor-price-list-item\">\t\t\t\t\n\t\t\t\t<div class=\"elementor-price-list-text\">\n\t\t\t\t\t\t\t\t\t<div class=\"elementor-price-list-header\">\n\t\t\t\t\t\t\t\t\t\t\t<span class=\"elementor-price-list-title\">\n\t\t\t\t\t\t\tHovedret\t\t\t\t\t\t<\/span>\n\t\t\t\t\t\t\t\t\t\t\t\t\t\t\t\t\t\t\t\t\t<\/div>\n\t\t\t\t\t\t\t\t\t\t\t\t\t\t\t<p class=\"elementor-price-list-description\">\n\t\t\t\t\t\t\tBoeuf af oksefilet<br>\nServeres med pommes, for\u00e5rsgr\u00f8nt og bearnaisesauce.\n\n\n\t\t\t\t\t\t<\/p>\n\t\t\t\t\t\t\t\t<\/div>\n\t\t\t\t<\/li>\t\t\t\t\t\t\t\t\t\t\t\t<li class=\"elementor-price-list-item\">\t\t\t\t\n\t\t\t\t<div class=\"elementor-price-list-text\">\n\t\t\t\t\t\t\t\t\t<div class=\"elementor-price-list-header\">\n\t\t\t\t\t\t\t\t\t\t\t<span class=\"elementor-price-list-title\">\n\t\t\t\t\t\t\tTilk\u00f8b dessert\t\t\t\t\t\t<\/span>\n\t\t\t\t\t\t\t\t\t\t\t\t\t\t\t\t\t\t\t\t\t\t\t\t<span class=\"elementor-price-list-price\">Pris pr. person 65,-<\/span>\n\t\t\t\t\t\t\t\t\t\t<\/div>\n\t\t\t\t\t\t\t\t\t\t\t\t\t\t\t<p class=\"elementor-price-list-description\">\n\t\t\t\t\t\t\tFuglerede med fyld af karamel, marinerede b\u00e6r, fl\u00f8deskum og hasseln\u00f8dder.\n\n\n\t\t\t\t\t\t<\/p>\n\t\t\t\t\t\t\t\t<\/div>\n\t\t\t\t<\/li>\t\t\t\t\t\n\t\t<\/ul>\n\n\t\t\t\t\t\t<\/div>\n\t\t\t\t<\/div>\n\t\t\t\t<div class=\"elementor-element elementor-element-b996012 elementor-align-left elementor-widget__width-auto elementor-widget elementor-widget-button\" data-id=\"b996012\" data-element_type=\"widget\" data-e-type=\"widget\" data-widget_type=\"button.default\">\n\t\t\t\t<div class=\"elementor-widget-container\">\n\t\t\t\t\t\t\t\t\t<div class=\"elementor-button-wrapper\">\n\t\t\t\t\t<a class=\"elementor-button elementor-button-link elementor-size-sm\" href=\"tel:+4541200976\" target=\"_blank\">\n\t\t\t\t\t\t<span class=\"elementor-button-content-wrapper\">\n\t\t\t\t\t\t\t\t\t<span class=\"elementor-button-text\">Book bord p\u00e5 41 20 09 76<\/span>\n\t\t\t\t\t<\/span>\n\t\t\t\t\t<\/a>\n\t\t\t\t<\/div>\n\t\t\t\t\t\t\t\t<\/div>\n\t\t\t\t<\/div>\n\t\t\t\t<div class=\"elementor-element elementor-element-4c89e87 elementor-widget elementor-widget-text-editor\" data-id=\"4c89e87\" data-element_type=\"widget\" data-e-type=\"widget\" data-widget_type=\"text-editor.default\">\n\t\t\t\t<div class=\"elementor-widget-container\">\n\t\t\t\t\t\t\t\t\t<a href=\"https:\/\/hotelsvendborg.dk\/mors-dag\/\" target=\"_blank\" rel=\"noopener\">Se ogs\u00e5 mors dag arrangement p\u00e5 Hotel Svendborg<\/a>\t\t\t\t\t\t\t\t<\/div>\n\t\t\t\t<\/div>\n\t\t\t\t\t<\/div>\n\t\t<\/div>\n\t\t\t\t<div class=\"elementor-column elementor-col-50 elementor-top-column elementor-element elementor-element-25288fb\" data-id=\"25288fb\" data-element_type=\"column\" data-e-type=\"column\" data-settings=\"{&quot;background_background&quot;:&quot;classic&quot;}\">\n\t\t\t<div class=\"elementor-widget-wrap elementor-element-populated\">\n\t\t\t\t\t\t<div class=\"elementor-element elementor-element-1982009 elementor-widget__width-initial elementor-widget elementor-widget-spacer\" data-id=\"1982009\" data-element_type=\"widget\" data-e-type=\"widget\" data-widget_type=\"spacer.default\">\n\t\t\t\t<div class=\"elementor-widget-container\">\n\t\t\t\t\t\t\t<div class=\"elementor-spacer\">\n\t\t\t<div class=\"elementor-spacer-inner\"><\/div>\n\t\t<\/div>\n\t\t\t\t\t\t<\/div>\n\t\t\t\t<\/div>\n\t\t\t\t\t<\/div>\n\t\t<\/div>\n\t\t\t\t\t<\/div>\n\t\t<\/section>\n\t\t\t\t<\/div>\n\t\t","protected":false},"excerpt":{"rendered":"<p>Hotel \u00c6r\u00f8 har \u00e5ben p\u00e5 Mor`s dag, s\u00f8ndag d. 10. maj 2026 Book bord Mors dag p\u00e5 Hotel \u00c6r\u00f8 Frokostbuffet Pris pr. person 295,- Stor l\u00e6kker frokostbuffet fra kl. 11.30 til kl. 15.00 Fisk, lune tarteletter, varme retter, friske salater, ost og s\u00f8dt. Aftenmenu med 2 retter 2 retter pris pr. kuvert 295,- 2 retters [&hellip;]<\/p>\n","protected":false},"author":7,"featured_media":1960,"parent":0,"menu_order":0,"comment_status":"closed","ping_status":"closed","template":"","meta":{"footnotes":""},"class_list":["post-3621","page","type-page","status-publish","has-post-thumbnail","hentry"],"yoast_head":"<!-- This site is optimized with the Yoast SEO plugin v27.4 - https:\/\/yoast.com\/product\/yoast-seo-wordpress\/ -->\n<title>Mors dag | Restaurant \u00c6r\u00f8 | Bestil bord her<\/title>\n<meta name=\"description\" content=\"Nyd en l\u00e6kker frokost eller aftenmenu i det historiske Svendborg. Spis god mad i idylliske omgivelser nede p\u00e5 havnen. Se vores menukort her.\" \/>\n<meta name=\"robots\" content=\"index, follow, max-snippet:-1, max-image-preview:large, max-video-preview:-1\" \/>\n<link rel=\"canonical\" href=\"https:\/\/hotelaeroe.dk\/de\/muttertag\/\" \/>\n<meta property=\"og:locale\" content=\"de_DE\" \/>\n<meta property=\"og:type\" content=\"article\" \/>\n<meta property=\"og:title\" content=\"Mors dag | Restaurant \u00c6r\u00f8 | Bestil bord her\" \/>\n<meta property=\"og:description\" content=\"Nyd en l\u00e6kker frokost eller aftenmenu i det historiske Svendborg. Spis god mad i idylliske omgivelser nede p\u00e5 havnen. Se vores menukort her.\" \/>\n<meta property=\"og:url\" content=\"https:\/\/hotelaeroe.dk\/de\/muttertag\/\" \/>\n<meta property=\"og:site_name\" content=\"Hotel \u00c6r\u00f8\" \/>\n<meta property=\"article:modified_time\" content=\"2026-03-13T07:11:08+00:00\" \/>\n<meta property=\"og:image\" content=\"https:\/\/hotelaeroe.dk\/wp-content\/uploads\/2024\/05\/MAGNA_LUX__Aero_024-2.jpg\" \/>\n\t<meta property=\"og:image:width\" content=\"1920\" \/>\n\t<meta property=\"og:image:height\" content=\"1280\" \/>\n\t<meta property=\"og:image:type\" content=\"image\/jpeg\" \/>\n<meta name=\"twitter:card\" content=\"summary_large_image\" \/>\n<meta name=\"twitter:label1\" content=\"Gesch\u00e4tzte Lesezeit\" \/>\n\t<meta name=\"twitter:data1\" content=\"1\u00a0Minute\" \/>\n<script type=\"application\/ld+json\" class=\"yoast-schema-graph\">{\"@context\":\"https:\\\/\\\/schema.org\",\"@graph\":[{\"@type\":\"WebPage\",\"@id\":\"https:\\\/\\\/hotelaeroe.dk\\\/mors-dag\\\/\",\"url\":\"https:\\\/\\\/hotelaeroe.dk\\\/mors-dag\\\/\",\"name\":\"Mors dag | Restaurant \u00c6r\u00f8 | Bestil bord her\",\"isPartOf\":{\"@id\":\"https:\\\/\\\/hotelaeroe.dk\\\/#website\"},\"primaryImageOfPage\":{\"@id\":\"https:\\\/\\\/hotelaeroe.dk\\\/mors-dag\\\/#primaryimage\"},\"image\":{\"@id\":\"https:\\\/\\\/hotelaeroe.dk\\\/mors-dag\\\/#primaryimage\"},\"thumbnailUrl\":\"https:\\\/\\\/hotelaeroe.dk\\\/wp-content\\\/uploads\\\/2024\\\/05\\\/MAGNA_LUX__Aero_024-2.jpg\",\"datePublished\":\"2026-03-10T07:40:03+00:00\",\"dateModified\":\"2026-03-13T07:11:08+00:00\",\"description\":\"Nyd en l\u00e6kker frokost eller aftenmenu i det historiske Svendborg. Spis god mad i idylliske omgivelser nede p\u00e5 havnen. Se vores menukort her.\",\"breadcrumb\":{\"@id\":\"https:\\\/\\\/hotelaeroe.dk\\\/mors-dag\\\/#breadcrumb\"},\"inLanguage\":\"de\",\"potentialAction\":[{\"@type\":\"ReadAction\",\"target\":[\"https:\\\/\\\/hotelaeroe.dk\\\/mors-dag\\\/\"]}]},{\"@type\":\"ImageObject\",\"inLanguage\":\"de\",\"@id\":\"https:\\\/\\\/hotelaeroe.dk\\\/mors-dag\\\/#primaryimage\",\"url\":\"https:\\\/\\\/hotelaeroe.dk\\\/wp-content\\\/uploads\\\/2024\\\/05\\\/MAGNA_LUX__Aero_024-2.jpg\",\"contentUrl\":\"https:\\\/\\\/hotelaeroe.dk\\\/wp-content\\\/uploads\\\/2024\\\/05\\\/MAGNA_LUX__Aero_024-2.jpg\",\"width\":1920,\"height\":1280,\"caption\":\"indgang til Restaurant \u00c6r\u00f8\"},{\"@type\":\"BreadcrumbList\",\"@id\":\"https:\\\/\\\/hotelaeroe.dk\\\/mors-dag\\\/#breadcrumb\",\"itemListElement\":[{\"@type\":\"ListItem\",\"position\":1,\"name\":\"Hjem\",\"item\":\"https:\\\/\\\/hotelaeroe.dk\\\/\"},{\"@type\":\"ListItem\",\"position\":2,\"name\":\"Mors dag\"}]},{\"@type\":\"WebSite\",\"@id\":\"https:\\\/\\\/hotelaeroe.dk\\\/#website\",\"url\":\"https:\\\/\\\/hotelaeroe.dk\\\/\",\"name\":\"Hotel \u00c6r\u00f8\",\"description\":\"\",\"publisher\":{\"@id\":\"https:\\\/\\\/hotelaeroe.dk\\\/#organization\"},\"potentialAction\":[{\"@type\":\"SearchAction\",\"target\":{\"@type\":\"EntryPoint\",\"urlTemplate\":\"https:\\\/\\\/hotelaeroe.dk\\\/?s={search_term_string}\"},\"query-input\":{\"@type\":\"PropertyValueSpecification\",\"valueRequired\":true,\"valueName\":\"search_term_string\"}}],\"inLanguage\":\"de\"},{\"@type\":\"Organization\",\"@id\":\"https:\\\/\\\/hotelaeroe.dk\\\/#organization\",\"name\":\"Hotel \u00c6r\u00f8\",\"url\":\"https:\\\/\\\/hotelaeroe.dk\\\/\",\"logo\":{\"@type\":\"ImageObject\",\"inLanguage\":\"de\",\"@id\":\"https:\\\/\\\/hotelaeroe.dk\\\/#\\\/schema\\\/logo\\\/image\\\/\",\"url\":\"https:\\\/\\\/hotelaeroe.dk\\\/wp-content\\\/uploads\\\/2021\\\/01\\\/Hae_logo_hvid.svg\",\"contentUrl\":\"https:\\\/\\\/hotelaeroe.dk\\\/wp-content\\\/uploads\\\/2021\\\/01\\\/Hae_logo_hvid.svg\",\"width\":259,\"height\":47,\"caption\":\"Hotel \u00c6r\u00f8\"},\"image\":{\"@id\":\"https:\\\/\\\/hotelaeroe.dk\\\/#\\\/schema\\\/logo\\\/image\\\/\"}}]}<\/script>\n<!-- \/ Yoast SEO plugin. -->","yoast_head_json":{"title":"Muttertag | Restaurant \u00c6r\u00f8 | Reservieren Sie hier einen Tisch","description":"Genie\u00dfen Sie ein k\u00f6stliches Mittag- oder Abendessen im historischen Svendborg. Lassen Sie sich in idyllischer Umgebung am Hafen kulinarisch verw\u00f6hnen. Unsere Speisekarte finden Sie hier.","robots":{"index":"index","follow":"follow","max-snippet":"max-snippet:-1","max-image-preview":"max-image-preview:large","max-video-preview":"max-video-preview:-1"},"canonical":"https:\/\/hotelaeroe.dk\/de\/muttertag\/","og_locale":"de_DE","og_type":"article","og_title":"Mors dag | Restaurant \u00c6r\u00f8 | Bestil bord her","og_description":"Nyd en l\u00e6kker frokost eller aftenmenu i det historiske Svendborg. Spis god mad i idylliske omgivelser nede p\u00e5 havnen. Se vores menukort her.","og_url":"https:\/\/hotelaeroe.dk\/de\/muttertag\/","og_site_name":"Hotel \u00c6r\u00f8","article_modified_time":"2026-03-13T07:11:08+00:00","og_image":[{"width":1920,"height":1280,"url":"https:\/\/hotelaeroe.dk\/wp-content\/uploads\/2024\/05\/MAGNA_LUX__Aero_024-2.jpg","type":"image\/jpeg"}],"twitter_card":"summary_large_image","twitter_misc":{"Gesch\u00e4tzte Lesezeit":"1\u00a0Minute"},"schema":{"@context":"https:\/\/schema.org","@graph":[{"@type":"WebPage","@id":"https:\/\/hotelaeroe.dk\/mors-dag\/","url":"https:\/\/hotelaeroe.dk\/mors-dag\/","name":"Muttertag | Restaurant \u00c6r\u00f8 | Reservieren Sie hier einen Tisch","isPartOf":{"@id":"https:\/\/hotelaeroe.dk\/#website"},"primaryImageOfPage":{"@id":"https:\/\/hotelaeroe.dk\/mors-dag\/#primaryimage"},"image":{"@id":"https:\/\/hotelaeroe.dk\/mors-dag\/#primaryimage"},"thumbnailUrl":"https:\/\/hotelaeroe.dk\/wp-content\/uploads\/2024\/05\/MAGNA_LUX__Aero_024-2.jpg","datePublished":"2026-03-10T07:40:03+00:00","dateModified":"2026-03-13T07:11:08+00:00","description":"Genie\u00dfen Sie ein k\u00f6stliches Mittag- oder Abendessen im historischen Svendborg. Lassen Sie sich in idyllischer Umgebung am Hafen kulinarisch verw\u00f6hnen. Unsere Speisekarte finden Sie hier.","breadcrumb":{"@id":"https:\/\/hotelaeroe.dk\/mors-dag\/#breadcrumb"},"inLanguage":"de","potentialAction":[{"@type":"ReadAction","target":["https:\/\/hotelaeroe.dk\/mors-dag\/"]}]},{"@type":"ImageObject","inLanguage":"de","@id":"https:\/\/hotelaeroe.dk\/mors-dag\/#primaryimage","url":"https:\/\/hotelaeroe.dk\/wp-content\/uploads\/2024\/05\/MAGNA_LUX__Aero_024-2.jpg","contentUrl":"https:\/\/hotelaeroe.dk\/wp-content\/uploads\/2024\/05\/MAGNA_LUX__Aero_024-2.jpg","width":1920,"height":1280,"caption":"indgang til Restaurant \u00c6r\u00f8"},{"@type":"BreadcrumbList","@id":"https:\/\/hotelaeroe.dk\/mors-dag\/#breadcrumb","itemListElement":[{"@type":"ListItem","position":1,"name":"Hjem","item":"https:\/\/hotelaeroe.dk\/"},{"@type":"ListItem","position":2,"name":"Mors dag"}]},{"@type":"WebSite","@id":"https:\/\/hotelaeroe.dk\/#website","url":"https:\/\/hotelaeroe.dk\/","name":"Hotel Aero","description":"","publisher":{"@id":"https:\/\/hotelaeroe.dk\/#organization"},"potentialAction":[{"@type":"SearchAction","target":{"@type":"EntryPoint","urlTemplate":"https:\/\/hotelaeroe.dk\/?s={search_term_string}"},"query-input":{"@type":"PropertyValueSpecification","valueRequired":true,"valueName":"search_term_string"}}],"inLanguage":"de"},{"@type":"Organization","@id":"https:\/\/hotelaeroe.dk\/#organization","name":"Hotel Aero","url":"https:\/\/hotelaeroe.dk\/","logo":{"@type":"ImageObject","inLanguage":"de","@id":"https:\/\/hotelaeroe.dk\/#\/schema\/logo\/image\/","url":"https:\/\/hotelaeroe.dk\/wp-content\/uploads\/2021\/01\/Hae_logo_hvid.svg","contentUrl":"https:\/\/hotelaeroe.dk\/wp-content\/uploads\/2021\/01\/Hae_logo_hvid.svg","width":259,"height":47,"caption":"Hotel \u00c6r\u00f8"},"image":{"@id":"https:\/\/hotelaeroe.dk\/#\/schema\/logo\/image\/"}}]}},"_links":{"self":[{"href":"https:\/\/hotelaeroe.dk\/de\/wp-json\/wp\/v2\/pages\/3621","targetHints":{"allow":["GET"]}}],"collection":[{"href":"https:\/\/hotelaeroe.dk\/de\/wp-json\/wp\/v2\/pages"}],"about":[{"href":"https:\/\/hotelaeroe.dk\/de\/wp-json\/wp\/v2\/types\/page"}],"author":[{"embeddable":true,"href":"https:\/\/hotelaeroe.dk\/de\/wp-json\/wp\/v2\/users\/7"}],"replies":[{"embeddable":true,"href":"https:\/\/hotelaeroe.dk\/de\/wp-json\/wp\/v2\/comments?post=3621"}],"version-history":[{"count":19,"href":"https:\/\/hotelaeroe.dk\/de\/wp-json\/wp\/v2\/pages\/3621\/revisions"}],"predecessor-version":[{"id":3660,"href":"https:\/\/hotelaeroe.dk\/de\/wp-json\/wp\/v2\/pages\/3621\/revisions\/3660"}],"wp:featuredmedia":[{"embeddable":true,"href":"https:\/\/hotelaeroe.dk\/de\/wp-json\/wp\/v2\/media\/1960"}],"wp:attachment":[{"href":"https:\/\/hotelaeroe.dk\/de\/wp-json\/wp\/v2\/media?parent=3621"}],"curies":[{"name":"wp","href":"https:\/\/api.w.org\/{rel}","templated":true}]}}