{"id":3368,"date":"2025-10-23T08:38:52","date_gmt":"2025-10-23T06:38:52","guid":{"rendered":"https:\/\/hotelaeroe.dk\/?page_id=3368"},"modified":"2026-04-08T08:14:45","modified_gmt":"2026-04-08T06:14:45","slug":"gourmet-aufenthalt","status":"publish","type":"page","link":"https:\/\/hotelaeroe.dk\/de\/gourmetophold\/","title":{"rendered":"Gourmet-Aufenthalt"},"content":{"rendered":"\t\t<div data-elementor-type=\"wp-page\" data-elementor-id=\"3368\" class=\"elementor elementor-3368\" data-elementor-post-type=\"page\">\n\t\t\t\t\t\t<section class=\"elementor-section elementor-top-section elementor-element elementor-element-7a17143 elementor-section-height-min-height elementor-section-items-bottom elementor-section-boxed elementor-section-height-default\" data-id=\"7a17143\" data-element_type=\"section\" data-e-type=\"section\" data-settings=\"{&quot;background_background&quot;:&quot;slideshow&quot;,&quot;background_slideshow_gallery&quot;:[{&quot;id&quot;:1945,&quot;url&quot;:&quot;https:\\\/\\\/hotelaeroe.dk\\\/wp-content\\\/uploads\\\/2024\\\/05\\\/MAGNA_LUX__Aero_039.jpg&quot;}],&quot;background_slideshow_loop&quot;:&quot;yes&quot;,&quot;background_slideshow_slide_duration&quot;:5000,&quot;background_slideshow_slide_transition&quot;:&quot;fade&quot;,&quot;background_slideshow_transition_duration&quot;:500}\">\n\t\t\t\t\t\t\t<div class=\"elementor-background-overlay\"><\/div>\n\t\t\t\t\t\t\t<div class=\"elementor-container elementor-column-gap-default\">\n\t\t\t\t\t<div class=\"elementor-column elementor-col-100 elementor-top-column elementor-element elementor-element-1879262\" data-id=\"1879262\" data-element_type=\"column\" data-e-type=\"column\" data-settings=\"{&quot;background_background&quot;:&quot;classic&quot;}\">\n\t\t\t<div class=\"elementor-widget-wrap elementor-element-populated\">\n\t\t\t\t\t\t<div class=\"elementor-element elementor-element-ef2fce6 elementor-widget elementor-widget-heading\" data-id=\"ef2fce6\" data-element_type=\"widget\" data-e-type=\"widget\" data-widget_type=\"heading.default\">\n\t\t\t\t<div class=\"elementor-widget-container\">\n\t\t\t\t\t<h1 class=\"elementor-heading-title elementor-size-default\">Gourmetophold<\/h1>\t\t\t\t<\/div>\n\t\t\t\t<\/div>\n\t\t\t\t\t<\/div>\n\t\t<\/div>\n\t\t\t\t\t<\/div>\n\t\t<\/section>\n\t\t\t\t<section class=\"elementor-section elementor-top-section elementor-element elementor-element-9ca5e00 elementor-section-boxed elementor-section-height-default elementor-section-height-default\" data-id=\"9ca5e00\" data-element_type=\"section\" data-e-type=\"section\">\n\t\t\t\t\t\t<div class=\"elementor-container elementor-column-gap-default\">\n\t\t\t\t\t<div class=\"elementor-column elementor-col-100 elementor-top-column elementor-element elementor-element-28691bb\" data-id=\"28691bb\" data-element_type=\"column\" data-e-type=\"column\">\n\t\t\t<div class=\"elementor-widget-wrap elementor-element-populated\">\n\t\t\t\t\t\t<div class=\"elementor-element elementor-element-7f39c63 elementor-widget elementor-widget-text-editor\" data-id=\"7f39c63\" data-element_type=\"widget\" data-e-type=\"widget\" data-widget_type=\"text-editor.default\">\n\t\t\t\t<div class=\"elementor-widget-container\">\n\t\t\t\t\t\t\t\t\t<h2 style=\"text-align: center;\" data-start=\"94\" data-end=\"654\">Sydfynsk gourmetophold<\/h2><p style=\"text-align: center; padding-left: 40px;\" data-start=\"94\" data-end=\"654\">Gl\u00e6d dig til en kulinarisk rejse p\u00e5 Sydfyn, hvor nogle af Danmarks mest anerkendte kokke indtager k\u00f8kkenet p\u00e5 Hotel \u00c6r\u00f8 i Svendborg.<br \/>Over tre weekender i 2026 kan du opleve unikke smagsoplevelser, n\u00e5r <a href=\"#erwin-lauterbach\">Erwin Lauterbach <\/a>, <a href=\"#gericke-holm\">S\u00f8ren Gericke &amp; Claus Holm<\/a> samt <a href=\"#jan-hurtigkarl\">Jan Hurtigkarl <\/a>\u00a0hver is\u00e6r s\u00e6tter deres personlige pr\u00e6g p\u00e5 menuen.<br \/>Hver aften byder p\u00e5 en uds\u00f8gt 4-retters middag, hyggelig stemning og en overnatning i hjertet af Svendborg \u2013 alt sammen krydret med passion, h\u00e5ndv\u00e6rk og smagen af det sydfynske.<\/p>\t\t\t\t\t\t\t\t<\/div>\n\t\t\t\t<\/div>\n\t\t\t\t\t<\/div>\n\t\t<\/div>\n\t\t\t\t\t<\/div>\n\t\t<\/section>\n\t\t\t\t<section class=\"elementor-section elementor-top-section elementor-element elementor-element-526a019 elementor-reverse-tablet elementor-reverse-mobile elementor-section-boxed elementor-section-height-default elementor-section-height-default\" data-id=\"526a019\" data-element_type=\"section\" data-e-type=\"section\" id=\"tilk\u00f8b\">\n\t\t\t\t\t\t<div class=\"elementor-container elementor-column-gap-default\">\n\t\t\t\t\t<div class=\"elementor-column elementor-col-50 elementor-top-column elementor-element elementor-element-6307361\" data-id=\"6307361\" data-element_type=\"column\" data-e-type=\"column\" data-settings=\"{&quot;background_background&quot;:&quot;classic&quot;}\">\n\t\t\t<div class=\"elementor-widget-wrap elementor-element-populated\">\n\t\t\t\t\t\t<div class=\"elementor-element elementor-element-fa7d179 elementor-widget elementor-widget-heading\" data-id=\"fa7d179\" data-element_type=\"widget\" data-e-type=\"widget\" data-widget_type=\"heading.default\">\n\t\t\t\t<div class=\"elementor-widget-container\">\n\t\t\t\t\t<h2 class=\"elementor-heading-title elementor-size-default\">Gourmet mad med Jan Hurtigkarl<\/h2>\t\t\t\t<\/div>\n\t\t\t\t<\/div>\n\t\t\t\t<div class=\"elementor-element elementor-element-c910e2a elementor-widget elementor-widget-text-editor\" data-id=\"c910e2a\" data-element_type=\"widget\" data-e-type=\"widget\" data-widget_type=\"text-editor.default\">\n\t\t\t\t<div class=\"elementor-widget-container\">\n\t\t\t\t\t\t\t\t\t<h3 id=\"jan-hurtigkarl\">Jan Hurtigkarl d. 10 eller 11. april 2026<\/h3>\n<p>Michelin-kokken g\u00e6ster Hotel \u00c6r\u00f8<br>Den opfindsomme og personlige Jan Hurtigkarl kan bryste sig af flere anerkendelser og restaurationer igennem \u00e5rene \u2014 den seneste med Jakob Mielke p\u00e5 Frederiksberg. Her bliver de danske r\u00e5varer leget med, udfordret og re-designet under nyskabelsen af de traditionelle retter.<\/p>\t\t\t\t\t\t\t\t<\/div>\n\t\t\t\t<\/div>\n\t\t\t\t<div class=\"elementor-element elementor-element-6110f9f elementor-widget elementor-widget-price-list\" data-id=\"6110f9f\" data-element_type=\"widget\" data-e-type=\"widget\" data-widget_type=\"price-list.default\">\n\t\t\t\t<div class=\"elementor-widget-container\">\n\t\t\t\t\t\n\t\t<ul class=\"elementor-price-list\">\n\n\t\t\t\t\t\t\t\t\t<li class=\"elementor-price-list-item\">\t\t\t\t\n\t\t\t\t<div class=\"elementor-price-list-text\">\n\t\t\t\t\t\t\t\t\t<div class=\"elementor-price-list-header\">\n\t\t\t\t\t\t\t\t\t\t\t<span class=\"elementor-price-list-title\">\n\t\t\t\t\t\t\tOpholdet inkluderer:\t\t\t\t\t\t<\/span>\n\t\t\t\t\t\t\t\t\t\t\t\t\t\t\t\t\t\t\t\t\t<\/div>\n\t\t\t\t\t\t\t\t\t\t\t\t<\/div>\n\t\t\t\t<\/li>\t\t\t\t\t\t\t\t\t\t\t\t<li class=\"elementor-price-list-item\">\t\t\t\t\n\t\t\t\t<div class=\"elementor-price-list-text\">\n\t\t\t\t\t\t\t\t\t<div class=\"elementor-price-list-header\">\n\t\t\t\t\t\t\t\t\t\t\t<span class=\"elementor-price-list-title\">\n\t\t\t\t\t\t\tankomst d. 10. eller 11. april 2026 \t\t\t\t\t\t<\/span>\n\t\t\t\t\t\t\t\t\t\t\t\t\t\t\t\t\t\t\t\t\t<\/div>\n\t\t\t\t\t\t\t\t\t\t\t\t<\/div>\n\t\t\t\t<\/li>\t\t\t\t\t\t\t\t\t\t\t\t<li class=\"elementor-price-list-item\">\t\t\t\t\n\t\t\t\t<div class=\"elementor-price-list-text\">\n\t\t\t\t\t\t\t\t\t<div class=\"elementor-price-list-header\">\n\t\t\t\t\t\t\t\t\t\t\t<span class=\"elementor-price-list-title\">\n\t\t\t\t\t\t\tKaffe og kage kl. 15\t\t\t\t\t\t<\/span>\n\t\t\t\t\t\t\t\t\t\t\t\t\t\t\t\t\t\t\t\t\t<\/div>\n\t\t\t\t\t\t\t\t\t\t\t\t<\/div>\n\t\t\t\t<\/li>\t\t\t\t\t\t\t\t\t\t\t\t<li class=\"elementor-price-list-item\">\t\t\t\t\n\t\t\t\t<div class=\"elementor-price-list-text\">\n\t\t\t\t\t\t\t\t\t<div class=\"elementor-price-list-header\">\n\t\t\t\t\t\t\t\t\t\t\t<span class=\"elementor-price-list-title\">\n\t\t\t\t\t\t\t4-retters menu kl. 18\t\t\t\t\t\t<\/span>\n\t\t\t\t\t\t\t\t\t\t\t\t\t\t\t\t\t\t\t\t\t<\/div>\n\t\t\t\t\t\t\t\t\t\t\t\t<\/div>\n\t\t\t\t<\/li>\t\t\t\t\t\t\t\t\t\t\t\t<li class=\"elementor-price-list-item\">\t\t\t\t\n\t\t\t\t<div class=\"elementor-price-list-text\">\n\t\t\t\t\t\t\t\t\t<div class=\"elementor-price-list-header\">\n\t\t\t\t\t\t\t\t\t\t\t<span class=\"elementor-price-list-title\">\n\t\t\t\t\t\t\t1 overnatning \t\t\t\t\t\t<\/span>\n\t\t\t\t\t\t\t\t\t\t\t\t\t\t\t\t\t\t\t\t\t<\/div>\n\t\t\t\t\t\t\t\t\t\t\t\t<\/div>\n\t\t\t\t<\/li>\t\t\t\t\t\t\t\t\t\t\t\t<li class=\"elementor-price-list-item\">\t\t\t\t\n\t\t\t\t<div class=\"elementor-price-list-text\">\n\t\t\t\t\t\t\t\t\t<div class=\"elementor-price-list-header\">\n\t\t\t\t\t\t\t\t\t\t\t<span class=\"elementor-price-list-title\">\n\t\t\t\t\t\t\tMorgenbuffet kl. 7-10\t\t\t\t\t\t<\/span>\n\t\t\t\t\t\t\t\t\t\t\t\t\t\t\t\t\t\t\t\t\t<\/div>\n\t\t\t\t\t\t\t\t\t\t\t\t<\/div>\n\t\t\t\t<\/li>\t\t\t\t\t\t\t\t\t\t\t\t<li class=\"elementor-price-list-item\">\t\t\t\t\n\t\t\t\t<div class=\"elementor-price-list-text\">\n\t\t\t\t\t\t\t\t\t<div class=\"elementor-price-list-header\">\n\t\t\t\t\t\t\t\t\t\t\t<span class=\"elementor-price-list-title\">\n\t\t\t\t\t\t\tPris Pr. person 1195,- i standard dobbeltv\u00e6relse<br>Enkeltv\u00e6relsestill\u00e6g 500,-\t\t\t\t\t\t<\/span>\n\t\t\t\t\t\t\t\t\t\t\t\t\t\t\t\t\t\t\t\t\t<\/div>\n\t\t\t\t\t\t\t\t\t\t\t\t<\/div>\n\t\t\t\t<\/li>\t\t\t\t\t\n\t\t<\/ul>\n\n\t\t\t\t\t\t<\/div>\n\t\t\t\t<\/div>\n\t\t\t\t<div class=\"elementor-element elementor-element-32e05f3 elementor-align-center elementor-widget elementor-widget-button\" data-id=\"32e05f3\" data-element_type=\"widget\" data-e-type=\"widget\" data-widget_type=\"button.default\">\n\t\t\t\t<div class=\"elementor-widget-container\">\n\t\t\t\t\t\t\t\t\t<div class=\"elementor-button-wrapper\">\n\t\t\t\t\t<a class=\"elementor-button elementor-button-link elementor-size-sm\" href=\"#elementor-action%3Aaction%3Dpopup%3Aopen%26settings%3DeyJpZCI6IjMzNzkiLCJ0b2dnbGUiOmZhbHNlfQ%3D%3D\" target=\"_blank\">\n\t\t\t\t\t\t<span class=\"elementor-button-content-wrapper\">\n\t\t\t\t\t\t\t\t\t<span class=\"elementor-button-text\">Foresp\u00f8rg p\u00e5 ophold<\/span>\n\t\t\t\t\t<\/span>\n\t\t\t\t\t<\/a>\n\t\t\t\t<\/div>\n\t\t\t\t\t\t\t\t<\/div>\n\t\t\t\t<\/div>\n\t\t\t\t\t<\/div>\n\t\t<\/div>\n\t\t\t\t<div class=\"elementor-column elementor-col-50 elementor-top-column elementor-element elementor-element-198643c\" data-id=\"198643c\" data-element_type=\"column\" data-e-type=\"column\" data-settings=\"{&quot;background_background&quot;:&quot;classic&quot;}\">\n\t\t\t<div class=\"elementor-widget-wrap elementor-element-populated\">\n\t\t\t\t\t\t<div class=\"elementor-element elementor-element-c54f83d elementor-widget elementor-widget-spacer\" data-id=\"c54f83d\" data-element_type=\"widget\" data-e-type=\"widget\" data-widget_type=\"spacer.default\">\n\t\t\t\t<div class=\"elementor-widget-container\">\n\t\t\t\t\t\t\t<div class=\"elementor-spacer\">\n\t\t\t<div class=\"elementor-spacer-inner\"><\/div>\n\t\t<\/div>\n\t\t\t\t\t\t<\/div>\n\t\t\t\t<\/div>\n\t\t\t\t\t<\/div>\n\t\t<\/div>\n\t\t\t\t\t<\/div>\n\t\t<\/section>\n\t\t\t\t<\/div>\n\t\t","protected":false},"excerpt":{"rendered":"<p>Gourmetophold Sydfynsk gourmetophold Gl\u00e6d dig til en kulinarisk rejse p\u00e5 Sydfyn, hvor nogle af Danmarks mest anerkendte kokke indtager k\u00f8kkenet p\u00e5 Hotel \u00c6r\u00f8 i Svendborg.Over tre weekender i 2026 kan du opleve unikke smagsoplevelser, n\u00e5r Erwin Lauterbach , S\u00f8ren Gericke &amp; Claus Holm samt Jan Hurtigkarl \u00a0hver is\u00e6r s\u00e6tter deres personlige pr\u00e6g p\u00e5 menuen.Hver aften [&hellip;]<\/p>\n","protected":false},"author":5,"featured_media":2335,"parent":0,"menu_order":0,"comment_status":"closed","ping_status":"closed","template":"","meta":{"footnotes":""},"class_list":["post-3368","page","type-page","status-publish","has-post-thumbnail","hentry"],"yoast_head":"<!-- This site is optimized with the Yoast SEO plugin v27.4 - https:\/\/yoast.com\/product\/yoast-seo-wordpress\/ -->\n<title>Gourmetophold 2026 | Hotel \u00c6r\u00f8 i Svendborg | Se menuer her<\/title>\n<meta name=\"description\" content=\"Kom i rigtig Gourmetophold med en l\u00e6kker og hyggelig Gourmetophold. Bestil idag\" \/>\n<meta name=\"robots\" content=\"index, follow, max-snippet:-1, max-image-preview:large, max-video-preview:-1\" \/>\n<link rel=\"canonical\" href=\"https:\/\/hotelaeroe.dk\/de\/gourmet-aufenthalt\/\" \/>\n<meta property=\"og:locale\" content=\"de_DE\" \/>\n<meta property=\"og:type\" content=\"article\" \/>\n<meta property=\"og:title\" content=\"Gourmetophold 2026 | Hotel \u00c6r\u00f8 i Svendborg | Se menuer her\" \/>\n<meta property=\"og:description\" content=\"Kom i rigtig Gourmetophold med en l\u00e6kker og hyggelig Gourmetophold. Bestil idag\" \/>\n<meta property=\"og:url\" content=\"https:\/\/hotelaeroe.dk\/de\/gourmet-aufenthalt\/\" \/>\n<meta property=\"og:site_name\" content=\"Hotel \u00c6r\u00f8\" \/>\n<meta property=\"article:modified_time\" content=\"2026-04-08T06:14:45+00:00\" \/>\n<meta property=\"og:image\" content=\"https:\/\/hotelaeroe.dk\/wp-content\/uploads\/2024\/09\/Sild-1024x683.png\" \/>\n\t<meta property=\"og:image:width\" content=\"1024\" \/>\n\t<meta property=\"og:image:height\" content=\"683\" \/>\n\t<meta property=\"og:image:type\" content=\"image\/png\" \/>\n<meta name=\"twitter:card\" content=\"summary_large_image\" \/>\n<meta name=\"twitter:label1\" content=\"Gesch\u00e4tzte Lesezeit\" \/>\n\t<meta name=\"twitter:data1\" content=\"3\u00a0Minuten\" \/>\n<script type=\"application\/ld+json\" class=\"yoast-schema-graph\">{\"@context\":\"https:\\\/\\\/schema.org\",\"@graph\":[{\"@type\":\"WebPage\",\"@id\":\"https:\\\/\\\/hotelaeroe.dk\\\/gourmetophold\\\/\",\"url\":\"https:\\\/\\\/hotelaeroe.dk\\\/gourmetophold\\\/\",\"name\":\"Gourmetophold 2026 | Hotel \u00c6r\u00f8 i Svendborg | Se menuer her\",\"isPartOf\":{\"@id\":\"https:\\\/\\\/hotelaeroe.dk\\\/#website\"},\"primaryImageOfPage\":{\"@id\":\"https:\\\/\\\/hotelaeroe.dk\\\/gourmetophold\\\/#primaryimage\"},\"image\":{\"@id\":\"https:\\\/\\\/hotelaeroe.dk\\\/gourmetophold\\\/#primaryimage\"},\"thumbnailUrl\":\"https:\\\/\\\/hotelaeroe.dk\\\/wp-content\\\/uploads\\\/2024\\\/09\\\/Sild.png\",\"datePublished\":\"2025-10-23T06:38:52+00:00\",\"dateModified\":\"2026-04-08T06:14:45+00:00\",\"description\":\"Kom i rigtig Gourmetophold med en l\u00e6kker og hyggelig Gourmetophold. Bestil idag\",\"breadcrumb\":{\"@id\":\"https:\\\/\\\/hotelaeroe.dk\\\/gourmetophold\\\/#breadcrumb\"},\"inLanguage\":\"de\",\"potentialAction\":[{\"@type\":\"ReadAction\",\"target\":[\"https:\\\/\\\/hotelaeroe.dk\\\/gourmetophold\\\/\"]}]},{\"@type\":\"ImageObject\",\"inLanguage\":\"de\",\"@id\":\"https:\\\/\\\/hotelaeroe.dk\\\/gourmetophold\\\/#primaryimage\",\"url\":\"https:\\\/\\\/hotelaeroe.dk\\\/wp-content\\\/uploads\\\/2024\\\/09\\\/Sild.png\",\"contentUrl\":\"https:\\\/\\\/hotelaeroe.dk\\\/wp-content\\\/uploads\\\/2024\\\/09\\\/Sild.png\",\"width\":1920,\"height\":1280},{\"@type\":\"BreadcrumbList\",\"@id\":\"https:\\\/\\\/hotelaeroe.dk\\\/gourmetophold\\\/#breadcrumb\",\"itemListElement\":[{\"@type\":\"ListItem\",\"position\":1,\"name\":\"Hjem\",\"item\":\"https:\\\/\\\/hotelaeroe.dk\\\/\"},{\"@type\":\"ListItem\",\"position\":2,\"name\":\"Gourmetophold\"}]},{\"@type\":\"WebSite\",\"@id\":\"https:\\\/\\\/hotelaeroe.dk\\\/#website\",\"url\":\"https:\\\/\\\/hotelaeroe.dk\\\/\",\"name\":\"Hotel \u00c6r\u00f8\",\"description\":\"\",\"publisher\":{\"@id\":\"https:\\\/\\\/hotelaeroe.dk\\\/#organization\"},\"potentialAction\":[{\"@type\":\"SearchAction\",\"target\":{\"@type\":\"EntryPoint\",\"urlTemplate\":\"https:\\\/\\\/hotelaeroe.dk\\\/?s={search_term_string}\"},\"query-input\":{\"@type\":\"PropertyValueSpecification\",\"valueRequired\":true,\"valueName\":\"search_term_string\"}}],\"inLanguage\":\"de\"},{\"@type\":\"Organization\",\"@id\":\"https:\\\/\\\/hotelaeroe.dk\\\/#organization\",\"name\":\"Hotel \u00c6r\u00f8\",\"url\":\"https:\\\/\\\/hotelaeroe.dk\\\/\",\"logo\":{\"@type\":\"ImageObject\",\"inLanguage\":\"de\",\"@id\":\"https:\\\/\\\/hotelaeroe.dk\\\/#\\\/schema\\\/logo\\\/image\\\/\",\"url\":\"https:\\\/\\\/hotelaeroe.dk\\\/wp-content\\\/uploads\\\/2021\\\/01\\\/Hae_logo_hvid.svg\",\"contentUrl\":\"https:\\\/\\\/hotelaeroe.dk\\\/wp-content\\\/uploads\\\/2021\\\/01\\\/Hae_logo_hvid.svg\",\"width\":259,\"height\":47,\"caption\":\"Hotel \u00c6r\u00f8\"},\"image\":{\"@id\":\"https:\\\/\\\/hotelaeroe.dk\\\/#\\\/schema\\\/logo\\\/image\\\/\"}}]}<\/script>\n<!-- \/ Yoast SEO plugin. -->","yoast_head_json":{"title":"Gourmet-Aufenthalt 2026 | Hotel \u00c6r\u00f8 in Svendborg | Men\u00fcs finden Sie hier","description":"Erleben Sie einen wahrhaft genussvollen und gem\u00fctlichen Gourmet-Aufenthalt. Jetzt buchen!","robots":{"index":"index","follow":"follow","max-snippet":"max-snippet:-1","max-image-preview":"max-image-preview:large","max-video-preview":"max-video-preview:-1"},"canonical":"https:\/\/hotelaeroe.dk\/de\/gourmet-aufenthalt\/","og_locale":"de_DE","og_type":"article","og_title":"Gourmetophold 2026 | Hotel \u00c6r\u00f8 i Svendborg | Se menuer her","og_description":"Kom i rigtig Gourmetophold med en l\u00e6kker og hyggelig Gourmetophold. Bestil idag","og_url":"https:\/\/hotelaeroe.dk\/de\/gourmet-aufenthalt\/","og_site_name":"Hotel \u00c6r\u00f8","article_modified_time":"2026-04-08T06:14:45+00:00","og_image":[{"width":1024,"height":683,"url":"https:\/\/hotelaeroe.dk\/wp-content\/uploads\/2024\/09\/Sild-1024x683.png","type":"image\/png"}],"twitter_card":"summary_large_image","twitter_misc":{"Gesch\u00e4tzte Lesezeit":"3\u00a0Minuten"},"schema":{"@context":"https:\/\/schema.org","@graph":[{"@type":"WebPage","@id":"https:\/\/hotelaeroe.dk\/gourmetophold\/","url":"https:\/\/hotelaeroe.dk\/gourmetophold\/","name":"Gourmet-Aufenthalt 2026 | Hotel \u00c6r\u00f8 in Svendborg | Men\u00fcs finden Sie hier","isPartOf":{"@id":"https:\/\/hotelaeroe.dk\/#website"},"primaryImageOfPage":{"@id":"https:\/\/hotelaeroe.dk\/gourmetophold\/#primaryimage"},"image":{"@id":"https:\/\/hotelaeroe.dk\/gourmetophold\/#primaryimage"},"thumbnailUrl":"https:\/\/hotelaeroe.dk\/wp-content\/uploads\/2024\/09\/Sild.png","datePublished":"2025-10-23T06:38:52+00:00","dateModified":"2026-04-08T06:14:45+00:00","description":"Erleben Sie einen wahrhaft genussvollen und gem\u00fctlichen Gourmet-Aufenthalt. Jetzt buchen!","breadcrumb":{"@id":"https:\/\/hotelaeroe.dk\/gourmetophold\/#breadcrumb"},"inLanguage":"de","potentialAction":[{"@type":"ReadAction","target":["https:\/\/hotelaeroe.dk\/gourmetophold\/"]}]},{"@type":"ImageObject","inLanguage":"de","@id":"https:\/\/hotelaeroe.dk\/gourmetophold\/#primaryimage","url":"https:\/\/hotelaeroe.dk\/wp-content\/uploads\/2024\/09\/Sild.png","contentUrl":"https:\/\/hotelaeroe.dk\/wp-content\/uploads\/2024\/09\/Sild.png","width":1920,"height":1280},{"@type":"BreadcrumbList","@id":"https:\/\/hotelaeroe.dk\/gourmetophold\/#breadcrumb","itemListElement":[{"@type":"ListItem","position":1,"name":"Hjem","item":"https:\/\/hotelaeroe.dk\/"},{"@type":"ListItem","position":2,"name":"Gourmetophold"}]},{"@type":"WebSite","@id":"https:\/\/hotelaeroe.dk\/#website","url":"https:\/\/hotelaeroe.dk\/","name":"Hotel Aero","description":"","publisher":{"@id":"https:\/\/hotelaeroe.dk\/#organization"},"potentialAction":[{"@type":"SearchAction","target":{"@type":"EntryPoint","urlTemplate":"https:\/\/hotelaeroe.dk\/?s={search_term_string}"},"query-input":{"@type":"PropertyValueSpecification","valueRequired":true,"valueName":"search_term_string"}}],"inLanguage":"de"},{"@type":"Organization","@id":"https:\/\/hotelaeroe.dk\/#organization","name":"Hotel Aero","url":"https:\/\/hotelaeroe.dk\/","logo":{"@type":"ImageObject","inLanguage":"de","@id":"https:\/\/hotelaeroe.dk\/#\/schema\/logo\/image\/","url":"https:\/\/hotelaeroe.dk\/wp-content\/uploads\/2021\/01\/Hae_logo_hvid.svg","contentUrl":"https:\/\/hotelaeroe.dk\/wp-content\/uploads\/2021\/01\/Hae_logo_hvid.svg","width":259,"height":47,"caption":"Hotel \u00c6r\u00f8"},"image":{"@id":"https:\/\/hotelaeroe.dk\/#\/schema\/logo\/image\/"}}]}},"_links":{"self":[{"href":"https:\/\/hotelaeroe.dk\/de\/wp-json\/wp\/v2\/pages\/3368","targetHints":{"allow":["GET"]}}],"collection":[{"href":"https:\/\/hotelaeroe.dk\/de\/wp-json\/wp\/v2\/pages"}],"about":[{"href":"https:\/\/hotelaeroe.dk\/de\/wp-json\/wp\/v2\/types\/page"}],"author":[{"embeddable":true,"href":"https:\/\/hotelaeroe.dk\/de\/wp-json\/wp\/v2\/users\/5"}],"replies":[{"embeddable":true,"href":"https:\/\/hotelaeroe.dk\/de\/wp-json\/wp\/v2\/comments?post=3368"}],"version-history":[{"count":40,"href":"https:\/\/hotelaeroe.dk\/de\/wp-json\/wp\/v2\/pages\/3368\/revisions"}],"predecessor-version":[{"id":3775,"href":"https:\/\/hotelaeroe.dk\/de\/wp-json\/wp\/v2\/pages\/3368\/revisions\/3775"}],"wp:featuredmedia":[{"embeddable":true,"href":"https:\/\/hotelaeroe.dk\/de\/wp-json\/wp\/v2\/media\/2335"}],"wp:attachment":[{"href":"https:\/\/hotelaeroe.dk\/de\/wp-json\/wp\/v2\/media?parent=3368"}],"curies":[{"name":"wp","href":"https:\/\/api.w.org\/{rel}","templated":true}]}}