{"id":1477,"date":"2024-05-08T09:47:47","date_gmt":"2024-05-08T07:47:47","guid":{"rendered":"https:\/\/hotelaeroe.dk.linux203.curanetserver.dk\/?page_id=1477"},"modified":"2024-11-22T14:52:41","modified_gmt":"2024-11-22T13:52:41","slug":"konferenz","status":"publish","type":"page","link":"https:\/\/hotelaeroe.dk\/de\/konference\/","title":{"rendered":"Konferenz"},"content":{"rendered":"\t\t<div data-elementor-type=\"wp-page\" data-elementor-id=\"1477\" class=\"elementor elementor-1477\" data-elementor-post-type=\"page\">\n\t\t\t\t\t\t<section class=\"elementor-section elementor-top-section elementor-element elementor-element-e81bb22 elementor-section-height-min-height elementor-section-items-bottom elementor-section-boxed elementor-section-height-default\" data-id=\"e81bb22\" data-element_type=\"section\" data-e-type=\"section\" data-settings=\"{&quot;background_background&quot;:&quot;slideshow&quot;,&quot;background_slideshow_gallery&quot;:[{&quot;id&quot;:1964,&quot;url&quot;:&quot;https:\\\/\\\/hotelaeroe.dk\\\/wp-content\\\/uploads\\\/2024\\\/05\\\/MAGNA_LUX__Aero_012.jpg&quot;}],&quot;background_slideshow_loop&quot;:&quot;yes&quot;,&quot;background_slideshow_slide_duration&quot;:5000,&quot;background_slideshow_slide_transition&quot;:&quot;fade&quot;,&quot;background_slideshow_transition_duration&quot;:500}\">\n\t\t\t\t\t\t\t<div class=\"elementor-background-overlay\"><\/div>\n\t\t\t\t\t\t\t<div class=\"elementor-container elementor-column-gap-default\">\n\t\t\t\t\t<div class=\"elementor-column elementor-col-100 elementor-top-column elementor-element elementor-element-2009516\" data-id=\"2009516\" data-element_type=\"column\" data-e-type=\"column\">\n\t\t\t<div class=\"elementor-widget-wrap elementor-element-populated\">\n\t\t\t\t\t\t<div class=\"elementor-element elementor-element-e28dbe3 elementor-widget elementor-widget-heading\" data-id=\"e28dbe3\" data-element_type=\"widget\" data-e-type=\"widget\" data-widget_type=\"heading.default\">\n\t\t\t\t<div class=\"elementor-widget-container\">\n\t\t\t\t\t<h1 class=\"elementor-heading-title elementor-size-default\">Konference<\/h1>\t\t\t\t<\/div>\n\t\t\t\t<\/div>\n\t\t\t\t<div class=\"elementor-element elementor-element-ca327c7 elementor-align-center elementor-widget elementor-widget-button\" data-id=\"ca327c7\" data-element_type=\"widget\" data-e-type=\"widget\" data-widget_type=\"button.default\">\n\t\t\t\t<div class=\"elementor-widget-container\">\n\t\t\t\t\t\t\t\t\t<div class=\"elementor-button-wrapper\">\n\t\t\t\t\t<a class=\"elementor-button elementor-button-link elementor-size-sm\" href=\"#elementor-action%3Aaction%3Dpopup%3Aopen%26settings%3DeyJpZCI6IjU4NyIsInRvZ2dsZSI6ZmFsc2V9\">\n\t\t\t\t\t\t<span class=\"elementor-button-content-wrapper\">\n\t\t\t\t\t\t\t\t\t<span class=\"elementor-button-text\">Foresp\u00f8rg konference<\/span>\n\t\t\t\t\t<\/span>\n\t\t\t\t\t<\/a>\n\t\t\t\t<\/div>\n\t\t\t\t\t\t\t\t<\/div>\n\t\t\t\t<\/div>\n\t\t\t\t\t<\/div>\n\t\t<\/div>\n\t\t\t\t\t<\/div>\n\t\t<\/section>\n\t\t\t\t<section class=\"elementor-section elementor-top-section elementor-element elementor-element-16cbe19 elementor-section-boxed elementor-section-height-default elementor-section-height-default\" data-id=\"16cbe19\" data-element_type=\"section\" data-e-type=\"section\">\n\t\t\t\t\t\t<div class=\"elementor-container elementor-column-gap-default\">\n\t\t\t\t\t<div class=\"elementor-column elementor-col-50 elementor-top-column elementor-element elementor-element-df66f01\" data-id=\"df66f01\" data-element_type=\"column\" data-e-type=\"column\">\n\t\t\t<div class=\"elementor-widget-wrap elementor-element-populated\">\n\t\t\t\t\t\t<div class=\"elementor-element elementor-element-e19cafc elementor-widget elementor-widget-heading\" data-id=\"e19cafc\" data-element_type=\"widget\" data-e-type=\"widget\" data-widget_type=\"heading.default\">\n\t\t\t\t<div class=\"elementor-widget-container\">\n\t\t\t\t\t<h2 class=\"elementor-heading-title elementor-size-default\">Hold m\u00f8de eller konference p\u00e5 Hotel \u00c6r\u00f8<\/h2>\t\t\t\t<\/div>\n\t\t\t\t<\/div>\n\t\t\t\t<div class=\"elementor-element elementor-element-bb3e1b0 elementor-widget elementor-widget-text-editor\" data-id=\"bb3e1b0\" data-element_type=\"widget\" data-e-type=\"widget\" data-widget_type=\"text-editor.default\">\n\t\t\t\t<div class=\"elementor-widget-container\">\n\t\t\t\t\t\t\t\t\t<p>Skal du holde m\u00f8de eller konference p\u00e5 Sydfyn, har Hotel \u00c6r\u00f8 rammerne. P\u00e5 F\u00e6rgeg\u00e5rden kan du og dine g\u00e6ster i ro og mag holde m\u00f8de. Vi s\u00f8rger for at alt &#8220;udenom&#8221; er helt perfekt.<\/p><div class=\"vc_row wpb_row vc_row-fluid dt-default\"><div class=\"wpb_column vc_column_container vc_col-sm-8\"><div class=\"vc_column-inner\"><div class=\"wpb_wrapper\"><div class=\"wpb_text_column wpb_content_element \"><div class=\"wpb_wrapper\"><h3>M\u00f8de eller konference foresp\u00f8rgsler<\/h3><p>For foresp\u00f8rgsel p\u00e5 m\u00f8der eller konferencer henviser vi til vores kollegaer p\u00e5 Hotel Svendborg.\u00a0 Kontakt Hotel Svendborg p\u00e5\u00a0<a href=\"mailto:booking@hotel-svendborg.dk\">booking@hotel-svendborg.dk<\/a>\u00a0eller\u00a0<a href=\"tel:62211700\">6221 1700<\/a>.<\/p><\/div><\/div><\/div><\/div><\/div><\/div>\t\t\t\t\t\t\t\t<\/div>\n\t\t\t\t<\/div>\n\t\t\t\t<div class=\"elementor-element elementor-element-251bc4c elementor-align-left elementor-widget elementor-widget-button\" data-id=\"251bc4c\" data-element_type=\"widget\" data-e-type=\"widget\" data-widget_type=\"button.default\">\n\t\t\t\t<div class=\"elementor-widget-container\">\n\t\t\t\t\t\t\t\t\t<div class=\"elementor-button-wrapper\">\n\t\t\t\t\t<a class=\"elementor-button elementor-button-link elementor-size-sm\" href=\"#elementor-action%3Aaction%3Dpopup%3Aopen%26settings%3DeyJpZCI6IjU4NyIsInRvZ2dsZSI6ZmFsc2V9\">\n\t\t\t\t\t\t<span class=\"elementor-button-content-wrapper\">\n\t\t\t\t\t\t\t\t\t<span class=\"elementor-button-text\">Foresp\u00f8rg konference<\/span>\n\t\t\t\t\t<\/span>\n\t\t\t\t\t<\/a>\n\t\t\t\t<\/div>\n\t\t\t\t\t\t\t\t<\/div>\n\t\t\t\t<\/div>\n\t\t\t\t\t<\/div>\n\t\t<\/div>\n\t\t\t\t<div class=\"elementor-column elementor-col-50 elementor-top-column elementor-element elementor-element-e544c37\" data-id=\"e544c37\" data-element_type=\"column\" data-e-type=\"column\">\n\t\t\t<div class=\"elementor-widget-wrap elementor-element-populated\">\n\t\t\t\t\t\t<div class=\"elementor-element elementor-element-682fa26 elementor-widget elementor-widget-image\" data-id=\"682fa26\" data-element_type=\"widget\" data-e-type=\"widget\" data-widget_type=\"image.default\">\n\t\t\t\t<div class=\"elementor-widget-container\">\n\t\t\t\t\t\t\t\t\t\t\t\t\t\t\t<img fetchpriority=\"high\" decoding=\"async\" width=\"800\" height=\"534\" src=\"https:\/\/hotelaeroe.dk\/wp-content\/uploads\/2024\/05\/MAGNA_LUX__Aero_053-1-1024x683.jpg\" class=\"attachment-large size-large wp-image-1948\" alt=\"Receptionen og loungeomr\u00e5de hos Hotel \u00c6r\u00f8\" srcset=\"https:\/\/hotelaeroe.dk\/wp-content\/uploads\/2024\/05\/MAGNA_LUX__Aero_053-1-1024x683.jpg 1024w, https:\/\/hotelaeroe.dk\/wp-content\/uploads\/2024\/05\/MAGNA_LUX__Aero_053-1-300x200.jpg 300w, https:\/\/hotelaeroe.dk\/wp-content\/uploads\/2024\/05\/MAGNA_LUX__Aero_053-1-768x512.jpg 768w, https:\/\/hotelaeroe.dk\/wp-content\/uploads\/2024\/05\/MAGNA_LUX__Aero_053-1-1536x1024.jpg 1536w, https:\/\/hotelaeroe.dk\/wp-content\/uploads\/2024\/05\/MAGNA_LUX__Aero_053-1-18x12.jpg 18w, https:\/\/hotelaeroe.dk\/wp-content\/uploads\/2024\/05\/MAGNA_LUX__Aero_053-1.jpg 1920w\" sizes=\"(max-width: 800px) 100vw, 800px\" \/>\t\t\t\t\t\t\t\t\t\t\t\t\t\t\t<\/div>\n\t\t\t\t<\/div>\n\t\t\t\t<div class=\"elementor-element elementor-element-02f7f31 elementor-widget elementor-widget-image\" data-id=\"02f7f31\" data-element_type=\"widget\" data-e-type=\"widget\" data-widget_type=\"image.default\">\n\t\t\t\t<div class=\"elementor-widget-container\">\n\t\t\t\t\t\t\t\t\t\t\t\t\t\t\t<img decoding=\"async\" width=\"800\" height=\"534\" src=\"https:\/\/hotelaeroe.dk\/wp-content\/uploads\/2024\/05\/MAGNA_LUX__Aero_039-1024x683.jpg\" class=\"attachment-large size-large wp-image-1945\" alt=\"Restaurant \u00c6r\u00f8 har d\u00e6kket borde i restauranten\" srcset=\"https:\/\/hotelaeroe.dk\/wp-content\/uploads\/2024\/05\/MAGNA_LUX__Aero_039-1024x683.jpg 1024w, https:\/\/hotelaeroe.dk\/wp-content\/uploads\/2024\/05\/MAGNA_LUX__Aero_039-300x200.jpg 300w, https:\/\/hotelaeroe.dk\/wp-content\/uploads\/2024\/05\/MAGNA_LUX__Aero_039-768x512.jpg 768w, https:\/\/hotelaeroe.dk\/wp-content\/uploads\/2024\/05\/MAGNA_LUX__Aero_039-1536x1024.jpg 1536w, https:\/\/hotelaeroe.dk\/wp-content\/uploads\/2024\/05\/MAGNA_LUX__Aero_039-18x12.jpg 18w, https:\/\/hotelaeroe.dk\/wp-content\/uploads\/2024\/05\/MAGNA_LUX__Aero_039.jpg 1920w\" sizes=\"(max-width: 800px) 100vw, 800px\" \/>\t\t\t\t\t\t\t\t\t\t\t\t\t\t\t<\/div>\n\t\t\t\t<\/div>\n\t\t\t\t<div class=\"elementor-element elementor-element-6a4b1c0 elementor-widget elementor-widget-image\" data-id=\"6a4b1c0\" data-element_type=\"widget\" data-e-type=\"widget\" data-widget_type=\"image.default\">\n\t\t\t\t<div class=\"elementor-widget-container\">\n\t\t\t\t\t\t\t\t\t\t\t\t\t\t\t<img decoding=\"async\" width=\"800\" height=\"534\" src=\"https:\/\/hotelaeroe.dk\/wp-content\/uploads\/2024\/05\/MAGNA_LUX__Aero_158-1024x683.jpg\" class=\"attachment-large size-large wp-image-1862\" alt=\"hotelv\u00e6relse i et bl\u00e5t tema\" srcset=\"https:\/\/hotelaeroe.dk\/wp-content\/uploads\/2024\/05\/MAGNA_LUX__Aero_158-1024x683.jpg 1024w, https:\/\/hotelaeroe.dk\/wp-content\/uploads\/2024\/05\/MAGNA_LUX__Aero_158-300x200.jpg 300w, https:\/\/hotelaeroe.dk\/wp-content\/uploads\/2024\/05\/MAGNA_LUX__Aero_158-768x512.jpg 768w, https:\/\/hotelaeroe.dk\/wp-content\/uploads\/2024\/05\/MAGNA_LUX__Aero_158-1536x1024.jpg 1536w, https:\/\/hotelaeroe.dk\/wp-content\/uploads\/2024\/05\/MAGNA_LUX__Aero_158-18x12.jpg 18w, https:\/\/hotelaeroe.dk\/wp-content\/uploads\/2024\/05\/MAGNA_LUX__Aero_158.jpg 1920w\" sizes=\"(max-width: 800px) 100vw, 800px\" \/>\t\t\t\t\t\t\t\t\t\t\t\t\t\t\t<\/div>\n\t\t\t\t<\/div>\n\t\t\t\t\t<\/div>\n\t\t<\/div>\n\t\t\t\t\t<\/div>\n\t\t<\/section>\n\t\t\t\t<\/div>\n\t\t","protected":false},"excerpt":{"rendered":"<p>Konference Foresp\u00f8rg konference Hold m\u00f8de eller konference p\u00e5 Hotel \u00c6r\u00f8 Skal du holde m\u00f8de eller konference p\u00e5 Sydfyn, har Hotel \u00c6r\u00f8 rammerne. P\u00e5 F\u00e6rgeg\u00e5rden kan du og dine g\u00e6ster i ro og mag holde m\u00f8de. Vi s\u00f8rger for at alt &#8220;udenom&#8221; er helt perfekt. M\u00f8de eller konference foresp\u00f8rgsler For foresp\u00f8rgsel p\u00e5 m\u00f8der eller konferencer henviser [&hellip;]<\/p>\n","protected":false},"author":2,"featured_media":1683,"parent":0,"menu_order":0,"comment_status":"closed","ping_status":"closed","template":"","meta":{"footnotes":""},"class_list":["post-1477","page","type-page","status-publish","has-post-thumbnail","hentry"],"yoast_head":"<!-- This site is optimized with the Yoast SEO plugin v27.4 - https:\/\/yoast.com\/product\/yoast-seo-wordpress\/ -->\n<title>M\u00f8de eller konference i Svendborg | Hotel \u00c6r\u00f8 | Se mere her<\/title>\n<meta name=\"description\" content=\"Hotel \u00c6r\u00f8 byder p\u00e5 moderne m\u00f8delokaler med plads til 30 personer. Nyt AV-udstyr og gratis wifi er naturligvis inkluderet i prisen. Se mere her\" \/>\n<meta name=\"robots\" content=\"index, follow, max-snippet:-1, max-image-preview:large, max-video-preview:-1\" \/>\n<link rel=\"canonical\" href=\"https:\/\/hotelaeroe.dk\/de\/konferenz\/\" \/>\n<meta property=\"og:locale\" content=\"de_DE\" \/>\n<meta property=\"og:type\" content=\"article\" \/>\n<meta property=\"og:title\" content=\"M\u00f8de eller konference i Svendborg | Hotel \u00c6r\u00f8 | Se mere her\" \/>\n<meta property=\"og:description\" content=\"Hotel \u00c6r\u00f8 byder p\u00e5 moderne m\u00f8delokaler med plads til 30 personer. Nyt AV-udstyr og gratis wifi er naturligvis inkluderet i prisen. Se mere her\" \/>\n<meta property=\"og:url\" content=\"https:\/\/hotelaeroe.dk\/de\/konferenz\/\" \/>\n<meta property=\"og:site_name\" content=\"Hotel \u00c6r\u00f8\" \/>\n<meta property=\"article:modified_time\" content=\"2024-11-22T13:52:41+00:00\" \/>\n<meta property=\"og:image\" content=\"https:\/\/hotelaeroe.dk\/wp-content\/uploads\/2024\/05\/MAGNA_LUX__Aero_060.jpg\" \/>\n\t<meta property=\"og:image:width\" content=\"1920\" \/>\n\t<meta property=\"og:image:height\" content=\"1280\" \/>\n\t<meta property=\"og:image:type\" content=\"image\/jpeg\" \/>\n<meta name=\"twitter:card\" content=\"summary_large_image\" \/>\n<meta name=\"twitter:label1\" content=\"Gesch\u00e4tzte Lesezeit\" \/>\n\t<meta name=\"twitter:data1\" content=\"1\u00a0Minute\" \/>\n<script type=\"application\/ld+json\" class=\"yoast-schema-graph\">{\"@context\":\"https:\\\/\\\/schema.org\",\"@graph\":[{\"@type\":\"WebPage\",\"@id\":\"https:\\\/\\\/hotelaeroe.dk\\\/konference\\\/\",\"url\":\"https:\\\/\\\/hotelaeroe.dk\\\/konference\\\/\",\"name\":\"M\u00f8de eller konference i Svendborg | Hotel \u00c6r\u00f8 | Se mere her\",\"isPartOf\":{\"@id\":\"https:\\\/\\\/hotelaeroe.dk\\\/#website\"},\"primaryImageOfPage\":{\"@id\":\"https:\\\/\\\/hotelaeroe.dk\\\/konference\\\/#primaryimage\"},\"image\":{\"@id\":\"https:\\\/\\\/hotelaeroe.dk\\\/konference\\\/#primaryimage\"},\"thumbnailUrl\":\"https:\\\/\\\/hotelaeroe.dk\\\/wp-content\\\/uploads\\\/2024\\\/05\\\/MAGNA_LUX__Aero_060.jpg\",\"datePublished\":\"2024-05-08T07:47:47+00:00\",\"dateModified\":\"2024-11-22T13:52:41+00:00\",\"description\":\"Hotel \u00c6r\u00f8 byder p\u00e5 moderne m\u00f8delokaler med plads til 30 personer. Nyt AV-udstyr og gratis wifi er naturligvis inkluderet i prisen. Se mere her\",\"breadcrumb\":{\"@id\":\"https:\\\/\\\/hotelaeroe.dk\\\/konference\\\/#breadcrumb\"},\"inLanguage\":\"de\",\"potentialAction\":[{\"@type\":\"ReadAction\",\"target\":[\"https:\\\/\\\/hotelaeroe.dk\\\/konference\\\/\"]}]},{\"@type\":\"ImageObject\",\"inLanguage\":\"de\",\"@id\":\"https:\\\/\\\/hotelaeroe.dk\\\/konference\\\/#primaryimage\",\"url\":\"https:\\\/\\\/hotelaeroe.dk\\\/wp-content\\\/uploads\\\/2024\\\/05\\\/MAGNA_LUX__Aero_060.jpg\",\"contentUrl\":\"https:\\\/\\\/hotelaeroe.dk\\\/wp-content\\\/uploads\\\/2024\\\/05\\\/MAGNA_LUX__Aero_060.jpg\",\"width\":1920,\"height\":1280,\"caption\":\"Restaurant \u00c6r\u00f8 med bindingv\u00e6rk v\u00e6g\"},{\"@type\":\"BreadcrumbList\",\"@id\":\"https:\\\/\\\/hotelaeroe.dk\\\/konference\\\/#breadcrumb\",\"itemListElement\":[{\"@type\":\"ListItem\",\"position\":1,\"name\":\"Hjem\",\"item\":\"https:\\\/\\\/hotelaeroe.dk\\\/\"},{\"@type\":\"ListItem\",\"position\":2,\"name\":\"Konference\"}]},{\"@type\":\"WebSite\",\"@id\":\"https:\\\/\\\/hotelaeroe.dk\\\/#website\",\"url\":\"https:\\\/\\\/hotelaeroe.dk\\\/\",\"name\":\"Hotel \u00c6r\u00f8\",\"description\":\"\",\"publisher\":{\"@id\":\"https:\\\/\\\/hotelaeroe.dk\\\/#organization\"},\"potentialAction\":[{\"@type\":\"SearchAction\",\"target\":{\"@type\":\"EntryPoint\",\"urlTemplate\":\"https:\\\/\\\/hotelaeroe.dk\\\/?s={search_term_string}\"},\"query-input\":{\"@type\":\"PropertyValueSpecification\",\"valueRequired\":true,\"valueName\":\"search_term_string\"}}],\"inLanguage\":\"de\"},{\"@type\":\"Organization\",\"@id\":\"https:\\\/\\\/hotelaeroe.dk\\\/#organization\",\"name\":\"Hotel \u00c6r\u00f8\",\"url\":\"https:\\\/\\\/hotelaeroe.dk\\\/\",\"logo\":{\"@type\":\"ImageObject\",\"inLanguage\":\"de\",\"@id\":\"https:\\\/\\\/hotelaeroe.dk\\\/#\\\/schema\\\/logo\\\/image\\\/\",\"url\":\"https:\\\/\\\/hotelaeroe.dk\\\/wp-content\\\/uploads\\\/2021\\\/01\\\/Hae_logo_hvid.svg\",\"contentUrl\":\"https:\\\/\\\/hotelaeroe.dk\\\/wp-content\\\/uploads\\\/2021\\\/01\\\/Hae_logo_hvid.svg\",\"width\":259,\"height\":47,\"caption\":\"Hotel \u00c6r\u00f8\"},\"image\":{\"@id\":\"https:\\\/\\\/hotelaeroe.dk\\\/#\\\/schema\\\/logo\\\/image\\\/\"}}]}<\/script>\n<!-- \/ Yoast SEO plugin. -->","yoast_head_json":{"title":"Tagung oder Konferenz in Svendborg | Hotel \u00c6r\u00f8 | Weitere Informationen finden Sie hier","description":"Das Hotel \u00c6r\u00f8 bietet moderne Tagungsr\u00e4ume f\u00fcr bis zu 30 Personen. Neue AV-Technik und kostenloses WLAN sind selbstverst\u00e4ndlich im Preis inbegriffen. Mehr Informationen finden Sie hier.","robots":{"index":"index","follow":"follow","max-snippet":"max-snippet:-1","max-image-preview":"max-image-preview:large","max-video-preview":"max-video-preview:-1"},"canonical":"https:\/\/hotelaeroe.dk\/de\/konferenz\/","og_locale":"de_DE","og_type":"article","og_title":"M\u00f8de eller konference i Svendborg | Hotel \u00c6r\u00f8 | Se mere her","og_description":"Hotel \u00c6r\u00f8 byder p\u00e5 moderne m\u00f8delokaler med plads til 30 personer. Nyt AV-udstyr og gratis wifi er naturligvis inkluderet i prisen. Se mere her","og_url":"https:\/\/hotelaeroe.dk\/de\/konferenz\/","og_site_name":"Hotel \u00c6r\u00f8","article_modified_time":"2024-11-22T13:52:41+00:00","og_image":[{"width":1920,"height":1280,"url":"https:\/\/hotelaeroe.dk\/wp-content\/uploads\/2024\/05\/MAGNA_LUX__Aero_060.jpg","type":"image\/jpeg"}],"twitter_card":"summary_large_image","twitter_misc":{"Gesch\u00e4tzte Lesezeit":"1\u00a0Minute"},"schema":{"@context":"https:\/\/schema.org","@graph":[{"@type":"WebPage","@id":"https:\/\/hotelaeroe.dk\/konference\/","url":"https:\/\/hotelaeroe.dk\/konference\/","name":"Tagung oder Konferenz in Svendborg | Hotel \u00c6r\u00f8 | Weitere Informationen finden Sie hier","isPartOf":{"@id":"https:\/\/hotelaeroe.dk\/#website"},"primaryImageOfPage":{"@id":"https:\/\/hotelaeroe.dk\/konference\/#primaryimage"},"image":{"@id":"https:\/\/hotelaeroe.dk\/konference\/#primaryimage"},"thumbnailUrl":"https:\/\/hotelaeroe.dk\/wp-content\/uploads\/2024\/05\/MAGNA_LUX__Aero_060.jpg","datePublished":"2024-05-08T07:47:47+00:00","dateModified":"2024-11-22T13:52:41+00:00","description":"Das Hotel \u00c6r\u00f8 bietet moderne Tagungsr\u00e4ume f\u00fcr bis zu 30 Personen. Neue AV-Technik und kostenloses WLAN sind selbstverst\u00e4ndlich im Preis inbegriffen. Mehr Informationen finden Sie hier.","breadcrumb":{"@id":"https:\/\/hotelaeroe.dk\/konference\/#breadcrumb"},"inLanguage":"de","potentialAction":[{"@type":"ReadAction","target":["https:\/\/hotelaeroe.dk\/konference\/"]}]},{"@type":"ImageObject","inLanguage":"de","@id":"https:\/\/hotelaeroe.dk\/konference\/#primaryimage","url":"https:\/\/hotelaeroe.dk\/wp-content\/uploads\/2024\/05\/MAGNA_LUX__Aero_060.jpg","contentUrl":"https:\/\/hotelaeroe.dk\/wp-content\/uploads\/2024\/05\/MAGNA_LUX__Aero_060.jpg","width":1920,"height":1280,"caption":"Restaurant \u00c6r\u00f8 med bindingv\u00e6rk v\u00e6g"},{"@type":"BreadcrumbList","@id":"https:\/\/hotelaeroe.dk\/konference\/#breadcrumb","itemListElement":[{"@type":"ListItem","position":1,"name":"Hjem","item":"https:\/\/hotelaeroe.dk\/"},{"@type":"ListItem","position":2,"name":"Konference"}]},{"@type":"WebSite","@id":"https:\/\/hotelaeroe.dk\/#website","url":"https:\/\/hotelaeroe.dk\/","name":"Hotel Aero","description":"","publisher":{"@id":"https:\/\/hotelaeroe.dk\/#organization"},"potentialAction":[{"@type":"SearchAction","target":{"@type":"EntryPoint","urlTemplate":"https:\/\/hotelaeroe.dk\/?s={search_term_string}"},"query-input":{"@type":"PropertyValueSpecification","valueRequired":true,"valueName":"search_term_string"}}],"inLanguage":"de"},{"@type":"Organization","@id":"https:\/\/hotelaeroe.dk\/#organization","name":"Hotel Aero","url":"https:\/\/hotelaeroe.dk\/","logo":{"@type":"ImageObject","inLanguage":"de","@id":"https:\/\/hotelaeroe.dk\/#\/schema\/logo\/image\/","url":"https:\/\/hotelaeroe.dk\/wp-content\/uploads\/2021\/01\/Hae_logo_hvid.svg","contentUrl":"https:\/\/hotelaeroe.dk\/wp-content\/uploads\/2021\/01\/Hae_logo_hvid.svg","width":259,"height":47,"caption":"Hotel \u00c6r\u00f8"},"image":{"@id":"https:\/\/hotelaeroe.dk\/#\/schema\/logo\/image\/"}}]}},"_links":{"self":[{"href":"https:\/\/hotelaeroe.dk\/de\/wp-json\/wp\/v2\/pages\/1477","targetHints":{"allow":["GET"]}}],"collection":[{"href":"https:\/\/hotelaeroe.dk\/de\/wp-json\/wp\/v2\/pages"}],"about":[{"href":"https:\/\/hotelaeroe.dk\/de\/wp-json\/wp\/v2\/types\/page"}],"author":[{"embeddable":true,"href":"https:\/\/hotelaeroe.dk\/de\/wp-json\/wp\/v2\/users\/2"}],"replies":[{"embeddable":true,"href":"https:\/\/hotelaeroe.dk\/de\/wp-json\/wp\/v2\/comments?post=1477"}],"version-history":[{"count":41,"href":"https:\/\/hotelaeroe.dk\/de\/wp-json\/wp\/v2\/pages\/1477\/revisions"}],"predecessor-version":[{"id":2606,"href":"https:\/\/hotelaeroe.dk\/de\/wp-json\/wp\/v2\/pages\/1477\/revisions\/2606"}],"wp:featuredmedia":[{"embeddable":true,"href":"https:\/\/hotelaeroe.dk\/de\/wp-json\/wp\/v2\/media\/1683"}],"wp:attachment":[{"href":"https:\/\/hotelaeroe.dk\/de\/wp-json\/wp\/v2\/media?parent=1477"}],"curies":[{"name":"wp","href":"https:\/\/api.w.org\/{rel}","templated":true}]}}